{"id":1607,"date":"2021-01-02T17:22:55","date_gmt":"2021-01-02T17:22:55","guid":{"rendered":"http:\/\/osteothess.gr\/lemfiki-malaxi\/"},"modified":"2021-05-12T10:18:13","modified_gmt":"2021-05-12T10:18:13","slug":"lemfiki-malaxi","status":"publish","type":"page","link":"https:\/\/osteothess.gr\/de\/lemfiki-malaxi\/","title":{"rendered":"Lymphdrainage"},"content":{"rendered":"\t\t<div data-elementor-type=\"wp-page\" data-elementor-id=\"1607\" class=\"elementor elementor-1607 elementor-717\" data-elementor-post-type=\"page\">\n\t\t\t\t\t\t<section class=\"elementor-section elementor-top-section elementor-element elementor-element-56d4642b elementor-section-full_width qode_elementor_container_inner elementor-section-height-default elementor-section-height-default parallax_section_no\" data-id=\"56d4642b\" data-element_type=\"section\" data-e-type=\"section\">\n\t\t\t\t\t\t<div class=\"elementor-container elementor-column-gap-default\">\n\t\t\t\t\t<div class=\"elementor-column elementor-col-100 elementor-top-column elementor-element elementor-element-307e47f7\" data-id=\"307e47f7\" data-element_type=\"column\" data-e-type=\"column\">\n\t\t\t<div class=\"elementor-widget-wrap elementor-element-populated\">\n\t\t\t\t\t\t<div class=\"elementor-element elementor-element-2abbc421 elementor-widget elementor-widget-heading\" data-id=\"2abbc421\" data-element_type=\"widget\" data-e-type=\"widget\" data-widget_type=\"heading.default\">\n\t\t\t\t<div class=\"elementor-widget-container\">\n\t\t\t\t\t<h2 class=\"elementor-heading-title elementor-size-default\">Lymphdrainage <br>\nAlles flie\u00dft \n\n<\/h2>\t\t\t\t<\/div>\n\t\t\t\t<\/div>\n\t\t\t\t\t<\/div>\n\t\t<\/div>\n\t\t\t\t\t<\/div>\n\t\t<\/section>\n\t\t\t\t<section class=\"elementor-section elementor-top-section elementor-element elementor-element-57e2d4b elementor-section-boxed elementor-section-height-default elementor-section-height-default parallax_section_no qode_elementor_container_no\" data-id=\"57e2d4b\" data-element_type=\"section\" data-e-type=\"section\">\n\t\t\t\t\t\t<div class=\"elementor-container elementor-column-gap-default\">\n\t\t\t\t\t<div class=\"elementor-column elementor-col-66 elementor-top-column elementor-element elementor-element-caac342\" data-id=\"caac342\" data-element_type=\"column\" data-e-type=\"column\">\n\t\t\t<div class=\"elementor-widget-wrap elementor-element-populated\">\n\t\t\t\t\t\t<div class=\"elementor-element elementor-element-c6f78dd elementor-widget elementor-widget-text-editor\" data-id=\"c6f78dd\" data-element_type=\"widget\" data-e-type=\"widget\" data-widget_type=\"text-editor.default\">\n\t\t\t\t<div class=\"elementor-widget-container\">\n\t\t\t\t\t\t\t\t\t<p style=\"text-align: justify;\">Lymphdrainage wird haupts\u00e4chlich als therapeutisches Mittel zur Entstauung von geschwollenen K\u00f6rperregionen wie Rumpf und Gliedma\u00dfen eingesetzt. Die Lymphdrainage eignet sich am besten zur Behandlung von Lymph\u00f6demen, die durch eine unzureichende F\u00e4higkeit zum Transport von Lymphgef\u00e4\u00dfen mit normaler Lymphlast (chronische Veneninsuffizienz) gekennzeichnet sind.<br \/>Diese Behandlung wird insbesondere nach Operationen (Mastektomie, Tumorbehandlung, Bestrahlung bei Krebs und nach Entfernung von Lymphknoten) empfohlen. Die Lymphdrainage wird auch bei Verbrennungen, Schleudertrauma,, Sudeck-Syndrom, Migr\u00e4ne, Herzinsuffizienz, schwachem Venensystem der Beine und \u00e4hnlichen Krankheitsbildern eingesetzt.<br \/>Das Lymph\u00f6dem wird in prim\u00e4re (angeborene) und sekund\u00e4re (erworbene) unterteilt.<br \/>Das prim\u00e4re Lymph\u00f6dem ist auf die Unterentwicklung des Lymphsystems zur\u00fcckzuf\u00fchren, in den meisten F\u00e4llen auf erbliche Faktoren.<br \/>Die sekund\u00e4ren werden nach einer Tumor- und Lymphknotenentfernung, einer Strahlentherapie, verursacht, da alle orthop\u00e4dischen und traumatischen Erkrankungen im Zusammenhang mit \u00d6demen (z. B. Luxation, Verstauchung, Muskelbruch) erfasst werden<\/p>\t\t\t\t\t\t\t\t<\/div>\n\t\t\t\t<\/div>\n\t\t\t\t<div class=\"elementor-element elementor-element-0855fb0 elementor-widget elementor-widget-image\" data-id=\"0855fb0\" data-element_type=\"widget\" data-e-type=\"widget\" data-widget_type=\"image.default\">\n\t\t\t\t<div class=\"elementor-widget-container\">\n\t\t\t\t\t\t\t\t\t\t\t\t\t\t\t<img fetchpriority=\"high\" decoding=\"async\" width=\"1024\" height=\"683\" src=\"https:\/\/osteothess.gr\/wp-content\/uploads\/2021\/03\/lemff.jpg\" class=\"attachment-large size-large wp-image-1519\" alt=\"\" srcset=\"https:\/\/osteothess.gr\/wp-content\/uploads\/2021\/03\/lemff.jpg 1024w, https:\/\/osteothess.gr\/wp-content\/uploads\/2021\/03\/lemff-300x200.jpg 300w, https:\/\/osteothess.gr\/wp-content\/uploads\/2021\/03\/lemff-768x512.jpg 768w, https:\/\/osteothess.gr\/wp-content\/uploads\/2021\/03\/lemff-700x467.jpg 700w\" sizes=\"(max-width: 1024px) 100vw, 1024px\" \/>\t\t\t\t\t\t\t\t\t\t\t\t\t\t\t<\/div>\n\t\t\t\t<\/div>\n\t\t\t\t<div class=\"elementor-element elementor-element-7a4fa8f elementor-widget elementor-widget-image\" data-id=\"7a4fa8f\" data-element_type=\"widget\" data-e-type=\"widget\" data-widget_type=\"image.default\">\n\t\t\t\t<div class=\"elementor-widget-container\">\n\t\t\t\t\t\t\t\t\t\t\t\t\t\t\t<img decoding=\"async\" width=\"254\" height=\"400\" src=\"https:\/\/osteothess.gr\/wp-content\/uploads\/2021\/01\/lemg.jpg\" class=\"attachment-large size-large wp-image-1460\" alt=\"\" srcset=\"https:\/\/osteothess.gr\/wp-content\/uploads\/2021\/01\/lemg.jpg 254w, https:\/\/osteothess.gr\/wp-content\/uploads\/2021\/01\/lemg-191x300.jpg 191w\" sizes=\"(max-width: 254px) 100vw, 254px\" \/>\t\t\t\t\t\t\t\t\t\t\t\t\t\t\t<\/div>\n\t\t\t\t<\/div>\n\t\t\t\t<div class=\"elementor-element elementor-element-8768ba4 elementor-widget elementor-widget-image\" data-id=\"8768ba4\" data-element_type=\"widget\" data-e-type=\"widget\" data-widget_type=\"image.default\">\n\t\t\t\t<div class=\"elementor-widget-container\">\n\t\t\t\t\t\t\t\t\t\t\t\t\t\t\t<img decoding=\"async\" width=\"250\" height=\"314\" src=\"https:\/\/osteothess.gr\/wp-content\/uploads\/2021\/01\/lrem.jpg\" class=\"attachment-large size-large wp-image-1458\" alt=\"\" srcset=\"https:\/\/osteothess.gr\/wp-content\/uploads\/2021\/01\/lrem.jpg 250w, https:\/\/osteothess.gr\/wp-content\/uploads\/2021\/01\/lrem-239x300.jpg 239w\" sizes=\"(max-width: 250px) 100vw, 250px\" \/>\t\t\t\t\t\t\t\t\t\t\t\t\t\t\t<\/div>\n\t\t\t\t<\/div>\n\t\t\t\t\t<\/div>\n\t\t<\/div>\n\t\t\t\t<div class=\"elementor-column elementor-col-33 elementor-top-column elementor-element elementor-element-4a2ad5\" data-id=\"4a2ad5\" data-element_type=\"column\" data-e-type=\"column\">\n\t\t\t<div class=\"elementor-widget-wrap elementor-element-populated\">\n\t\t\t\t\t\t<div class=\"elementor-element elementor-element-1be17fd2 elementor-widget elementor-widget-sidebar\" data-id=\"1be17fd2\" data-element_type=\"widget\" data-e-type=\"widget\" data-widget_type=\"sidebar.default\">\n\t\t\t\t<div class=\"elementor-widget-container\">\n\t\t\t\t\t<div id=\"nav_menu-4\" class=\"widget widget_nav_menu posts_holder\"><h5>BEHANDLUNG<\/h5><div class=\"menu-behandlung-container\"><ul id=\"menu-behandlung\" class=\"menu\"><li id=\"menu-item-1805\" class=\"menu-item menu-item-type-post_type menu-item-object-page menu-item-1805\"><a href=\"https:\/\/osteothess.gr\/de\/osteopathitiki-therapeia\/\">Osteopathie<\/a><\/li>\n<li id=\"menu-item-1806\" class=\"menu-item menu-item-type-post_type menu-item-object-page menu-item-1806\"><a href=\"https:\/\/osteothess.gr\/de\/domiki-osteopathitiki\/\">Strukturelle Osteopathie<\/a><\/li>\n<li id=\"menu-item-1807\" class=\"menu-item menu-item-type-post_type menu-item-object-page menu-item-1807\"><a href=\"https:\/\/osteothess.gr\/de\/splachniki-osteopathitiki\/\">Viszerale Osteopathie<\/a><\/li>\n<li id=\"menu-item-1808\" class=\"menu-item menu-item-type-post_type menu-item-object-page menu-item-1808\"><a href=\"https:\/\/osteothess.gr\/de\/kranioieri-osteopathitiki\/\">Craniosacral Osteopathie<\/a><\/li>\n<li id=\"menu-item-1809\" class=\"menu-item menu-item-type-post_type menu-item-object-page menu-item-1809\"><a href=\"https:\/\/osteothess.gr\/de\/peritoniaki-malaxi\/\">Reflexzonenmassage<\/a><\/li>\n<li id=\"menu-item-1810\" class=\"menu-item menu-item-type-post_type menu-item-object-page menu-item-1810\"><a href=\"https:\/\/osteothess.gr\/de\/trigger-point-massage\/\">Trigger Point Massage<\/a><\/li>\n<li id=\"menu-item-1811\" class=\"menu-item menu-item-type-post_type menu-item-object-page menu-item-1811\"><a href=\"https:\/\/osteothess.gr\/de\/lemfiki-malaxi\/\">Lymphdrainage<\/a><\/li>\n<li id=\"menu-item-1812\" class=\"menu-item menu-item-type-post_type menu-item-object-page menu-item-1812\"><a href=\"https:\/\/osteothess.gr\/de\/oto-velonismos\/\">Ohrakupunktur<\/a><\/li>\n<li id=\"menu-item-1813\" class=\"menu-item menu-item-type-post_type menu-item-object-page menu-item-1813\"><a href=\"https:\/\/osteothess.gr\/de\/ventouzes-therapeia\/\">Schr\u00f6pftherapie<\/a><\/li>\n<\/ul><\/div><\/div><div class=\"widget qode_button_widget\"><a  itemprop=\"url\" href=\"http:\/\/osteothess.gr\/de\/epikoinonia\/\" target=\"_self\" data-hover-background-color=\"#708573\" data-hover-color=\"#f7f0ea\" class=\"qbutton  default\" style=\"color: #f7f0ea; background-color:#708573;\">BUCHEN SIE JETZT<\/a><\/div><div id=\"search-5\" class=\"widget widget_search posts_holder\"><h5>Suche<\/h5><form role=\"search\" method=\"get\" id=\"searchform\" action=\"https:\/\/osteothess.gr\/de\/\">\n    <div><label class=\"screen-reader-text\" for=\"s\">Search for:<\/label>\n        <input type=\"text\" value=\"\" placeholder=\"Search Here\" name=\"s\" id=\"s\" \/>\n        <input type=\"submit\" id=\"searchsubmit\" value=\"&#xf002\" \/>\n    <\/div>\n<\/form><\/div>\t\t\t\t<\/div>\n\t\t\t\t<\/div>\n\t\t\t\t\t<\/div>\n\t\t<\/div>\n\t\t\t\t\t<\/div>\n\t\t<\/section>\n\t\t\t\t<\/div>\n\t\t","protected":false},"excerpt":{"rendered":"<p>Lymphdrainage Alles flie\u00dft Lymphdrainage wird haupts\u00e4chlich als therapeutisches Mittel zur Entstauung von geschwollenen K\u00f6rperregionen wie Rumpf und Gliedma\u00dfen eingesetzt. Die Lymphdrainage eignet sich am besten zur Behandlung von Lymph\u00f6demen, die durch eine unzureichende F\u00e4higkeit zum Transport von Lymphgef\u00e4\u00dfen mit normaler Lymphlast (chronische Veneninsuffizienz) gekennzeichnet sind&#8230;.<\/p>\n","protected":false},"author":1,"featured_media":0,"parent":0,"menu_order":0,"comment_status":"closed","ping_status":"closed","template":"full_width.php","meta":{"footnotes":""},"class_list":["post-1607","page","type-page","status-publish","hentry"],"yoast_head":"<!-- This site is optimized with the Yoast SEO plugin v27.1.1 - https:\/\/yoast.com\/product\/yoast-seo-wordpress\/ -->\n<title>Lymphdrainage - \u039f\u03c3\u03c4\u03b5\u03bf\u03c0\u03b1\u03b8\u03b7\u03c4\u03b9\u03ba\u03cc\u03c2 \u0395\u03bb\u03b5\u03c5\u03b8\u03ad\u03c1\u03b9\u03bf\u03c2 \u039d\u03b1\u03c3\u03b9\u03cc\u03c0\u03bf\u03c5\u03bb\u03bf\u03c2<\/title>\n<meta name=\"description\" content=\"\u0397 \u03bb\u03b5\u03bc\u03c6\u03b9\u03ba\u03ae \u03bc\u03ac\u03bb\u03b1\u03be\u03b7\/\u03c0\u03b1\u03c1\u03bf\u03c7\u03ad\u03c4\u03b5\u03c5\u03c3\u03b7 \u03ba\u03b1\u03b9 \u03b7 \u03c0\u03b5\u03c1\u03af\u03b4\u03b5\u03c3\u03b7, \u03c7\u03c1\u03b7\u03c3\u03b9\u03bc\u03bf\u03c0\u03bf\u03b9\u03b5\u03af\u03c4\u03b1\u03b9 \u03ba\u03c5\u03c1\u03af\u03c9\u03c2 \u03c9\u03c2 \u03b8\u03b5\u03c1\u03b1\u03c0\u03b5\u03c5\u03c4\u03b9\u03ba\u03cc \u03bc\u03ad\u03c3\u03bf \u03b1\u03c0\u03bf\u03c3\u03c5\u03bc\u03c6\u03cc\u03c1\u03b7\u03c3\u03b7\u03c2, \u03b3\u03b9\u03b1 \u03bf\u03b9\u03b4\u03b7\u03bc\u03b1\u03c4\u03ce\u03b4\u03b5\u03b9\u03c2 \u03c0\u03b5\u03c1\u03b9\u03bf\u03c7\u03ad\u03c2 \u03c4\u03bf\u03c5 \u03c3\u03ce\u03bc\u03b1\u03c4\u03bf\u03c2\" \/>\n<meta name=\"robots\" content=\"index, follow, max-snippet:-1, max-image-preview:large, max-video-preview:-1\" \/>\n<link rel=\"canonical\" href=\"https:\/\/osteothess.gr\/de\/lemfiki-malaxi\/\" \/>\n<meta property=\"og:locale\" content=\"de_DE\" \/>\n<meta property=\"og:type\" content=\"article\" \/>\n<meta property=\"og:title\" content=\"Lymphdrainage - \u039f\u03c3\u03c4\u03b5\u03bf\u03c0\u03b1\u03b8\u03b7\u03c4\u03b9\u03ba\u03cc\u03c2 \u0395\u03bb\u03b5\u03c5\u03b8\u03ad\u03c1\u03b9\u03bf\u03c2 \u039d\u03b1\u03c3\u03b9\u03cc\u03c0\u03bf\u03c5\u03bb\u03bf\u03c2\" \/>\n<meta property=\"og:description\" content=\"\u0397 \u03bb\u03b5\u03bc\u03c6\u03b9\u03ba\u03ae \u03bc\u03ac\u03bb\u03b1\u03be\u03b7\/\u03c0\u03b1\u03c1\u03bf\u03c7\u03ad\u03c4\u03b5\u03c5\u03c3\u03b7 \u03ba\u03b1\u03b9 \u03b7 \u03c0\u03b5\u03c1\u03af\u03b4\u03b5\u03c3\u03b7, \u03c7\u03c1\u03b7\u03c3\u03b9\u03bc\u03bf\u03c0\u03bf\u03b9\u03b5\u03af\u03c4\u03b1\u03b9 \u03ba\u03c5\u03c1\u03af\u03c9\u03c2 \u03c9\u03c2 \u03b8\u03b5\u03c1\u03b1\u03c0\u03b5\u03c5\u03c4\u03b9\u03ba\u03cc \u03bc\u03ad\u03c3\u03bf \u03b1\u03c0\u03bf\u03c3\u03c5\u03bc\u03c6\u03cc\u03c1\u03b7\u03c3\u03b7\u03c2, \u03b3\u03b9\u03b1 \u03bf\u03b9\u03b4\u03b7\u03bc\u03b1\u03c4\u03ce\u03b4\u03b5\u03b9\u03c2 \u03c0\u03b5\u03c1\u03b9\u03bf\u03c7\u03ad\u03c2 \u03c4\u03bf\u03c5 \u03c3\u03ce\u03bc\u03b1\u03c4\u03bf\u03c2\" \/>\n<meta property=\"og:url\" content=\"https:\/\/osteothess.gr\/de\/lemfiki-malaxi\/\" \/>\n<meta property=\"og:site_name\" content=\"\u039f\u03c3\u03c4\u03b5\u03bf\u03c0\u03b1\u03b8\u03b7\u03c4\u03b9\u03ba\u03cc\u03c2 \u0395\u03bb\u03b5\u03c5\u03b8\u03ad\u03c1\u03b9\u03bf\u03c2 \u039d\u03b1\u03c3\u03b9\u03cc\u03c0\u03bf\u03c5\u03bb\u03bf\u03c2\" \/>\n<meta property=\"article:modified_time\" content=\"2021-05-12T10:18:13+00:00\" \/>\n<meta property=\"og:image\" content=\"http:\/\/osteothess.gr\/wp-content\/uploads\/2021\/03\/lemff.jpg\" \/>\n<meta name=\"twitter:card\" content=\"summary_large_image\" \/>\n<meta name=\"twitter:label1\" content=\"Gesch\u00e4tzte Lesezeit\" \/>\n\t<meta name=\"twitter:data1\" content=\"2\u00a0Minuten\" \/>\n<script type=\"application\/ld+json\" class=\"yoast-schema-graph\">{\"@context\":\"https:\/\/schema.org\",\"@graph\":[{\"@type\":\"WebPage\",\"@id\":\"https:\/\/osteothess.gr\/de\/lemfiki-malaxi\/\",\"url\":\"https:\/\/osteothess.gr\/de\/lemfiki-malaxi\/\",\"name\":\"Lymphdrainage - \u039f\u03c3\u03c4\u03b5\u03bf\u03c0\u03b1\u03b8\u03b7\u03c4\u03b9\u03ba\u03cc\u03c2 \u0395\u03bb\u03b5\u03c5\u03b8\u03ad\u03c1\u03b9\u03bf\u03c2 \u039d\u03b1\u03c3\u03b9\u03cc\u03c0\u03bf\u03c5\u03bb\u03bf\u03c2\",\"isPartOf\":{\"@id\":\"https:\/\/osteothess.gr\/de\/#website\"},\"primaryImageOfPage\":{\"@id\":\"https:\/\/osteothess.gr\/de\/lemfiki-malaxi\/#primaryimage\"},\"image\":{\"@id\":\"https:\/\/osteothess.gr\/de\/lemfiki-malaxi\/#primaryimage\"},\"thumbnailUrl\":\"http:\/\/osteothess.gr\/wp-content\/uploads\/2021\/03\/lemff.jpg\",\"datePublished\":\"2021-01-02T17:22:55+00:00\",\"dateModified\":\"2021-05-12T10:18:13+00:00\",\"description\":\"\u0397 \u03bb\u03b5\u03bc\u03c6\u03b9\u03ba\u03ae \u03bc\u03ac\u03bb\u03b1\u03be\u03b7\/\u03c0\u03b1\u03c1\u03bf\u03c7\u03ad\u03c4\u03b5\u03c5\u03c3\u03b7 \u03ba\u03b1\u03b9 \u03b7 \u03c0\u03b5\u03c1\u03af\u03b4\u03b5\u03c3\u03b7, \u03c7\u03c1\u03b7\u03c3\u03b9\u03bc\u03bf\u03c0\u03bf\u03b9\u03b5\u03af\u03c4\u03b1\u03b9 \u03ba\u03c5\u03c1\u03af\u03c9\u03c2 \u03c9\u03c2 \u03b8\u03b5\u03c1\u03b1\u03c0\u03b5\u03c5\u03c4\u03b9\u03ba\u03cc \u03bc\u03ad\u03c3\u03bf \u03b1\u03c0\u03bf\u03c3\u03c5\u03bc\u03c6\u03cc\u03c1\u03b7\u03c3\u03b7\u03c2, \u03b3\u03b9\u03b1 \u03bf\u03b9\u03b4\u03b7\u03bc\u03b1\u03c4\u03ce\u03b4\u03b5\u03b9\u03c2 \u03c0\u03b5\u03c1\u03b9\u03bf\u03c7\u03ad\u03c2 \u03c4\u03bf\u03c5 \u03c3\u03ce\u03bc\u03b1\u03c4\u03bf\u03c2\",\"breadcrumb\":{\"@id\":\"https:\/\/osteothess.gr\/de\/lemfiki-malaxi\/#breadcrumb\"},\"inLanguage\":\"de\",\"potentialAction\":[{\"@type\":\"ReadAction\",\"target\":[\"https:\/\/osteothess.gr\/de\/lemfiki-malaxi\/\"]}]},{\"@type\":\"ImageObject\",\"inLanguage\":\"de\",\"@id\":\"https:\/\/osteothess.gr\/de\/lemfiki-malaxi\/#primaryimage\",\"url\":\"http:\/\/osteothess.gr\/wp-content\/uploads\/2021\/03\/lemff.jpg\",\"contentUrl\":\"http:\/\/osteothess.gr\/wp-content\/uploads\/2021\/03\/lemff.jpg\"},{\"@type\":\"BreadcrumbList\",\"@id\":\"https:\/\/osteothess.gr\/de\/lemfiki-malaxi\/#breadcrumb\",\"itemListElement\":[{\"@type\":\"ListItem\",\"position\":1,\"name\":\"\u0391\u03c1\u03c7\u03b9\u03ba\u03ae\",\"item\":\"https:\/\/osteothess.gr\/de\/\"},{\"@type\":\"ListItem\",\"position\":2,\"name\":\"Lymphdrainage\"}]},{\"@type\":\"WebSite\",\"@id\":\"https:\/\/osteothess.gr\/de\/#website\",\"url\":\"https:\/\/osteothess.gr\/de\/\",\"name\":\"\u039f\u03c3\u03c4\u03b5\u03bf\u03c0\u03b1\u03b8\u03b7\u03c4\u03b9\u03ba\u03cc\u03c2 \u0395\u03bb\u03b5\u03c5\u03b8\u03ad\u03c1\u03b9\u03bf\u03c2 \u039d\u03b1\u03c3\u03b9\u03cc\u03c0\u03bf\u03c5\u03bb\u03bf\u03c2\",\"description\":\"\u039f\u03c3\u03c4\u03b5\u03bf\u03c0\u03b1\u03b8\u03b7\u03c4\u03b9\u03ba\u03ae \u03b1\u03b3\u03c9\u03b3\u03ae\",\"potentialAction\":[{\"@type\":\"SearchAction\",\"target\":{\"@type\":\"EntryPoint\",\"urlTemplate\":\"https:\/\/osteothess.gr\/de\/?s={search_term_string}\"},\"query-input\":{\"@type\":\"PropertyValueSpecification\",\"valueRequired\":true,\"valueName\":\"search_term_string\"}}],\"inLanguage\":\"de\"}]}<\/script>\n<!-- \/ Yoast SEO plugin. -->","yoast_head_json":{"title":"Lymphdrainage - \u039f\u03c3\u03c4\u03b5\u03bf\u03c0\u03b1\u03b8\u03b7\u03c4\u03b9\u03ba\u03cc\u03c2 \u0395\u03bb\u03b5\u03c5\u03b8\u03ad\u03c1\u03b9\u03bf\u03c2 \u039d\u03b1\u03c3\u03b9\u03cc\u03c0\u03bf\u03c5\u03bb\u03bf\u03c2","description":"\u0397 \u03bb\u03b5\u03bc\u03c6\u03b9\u03ba\u03ae \u03bc\u03ac\u03bb\u03b1\u03be\u03b7\/\u03c0\u03b1\u03c1\u03bf\u03c7\u03ad\u03c4\u03b5\u03c5\u03c3\u03b7 \u03ba\u03b1\u03b9 \u03b7 \u03c0\u03b5\u03c1\u03af\u03b4\u03b5\u03c3\u03b7, \u03c7\u03c1\u03b7\u03c3\u03b9\u03bc\u03bf\u03c0\u03bf\u03b9\u03b5\u03af\u03c4\u03b1\u03b9 \u03ba\u03c5\u03c1\u03af\u03c9\u03c2 \u03c9\u03c2 \u03b8\u03b5\u03c1\u03b1\u03c0\u03b5\u03c5\u03c4\u03b9\u03ba\u03cc \u03bc\u03ad\u03c3\u03bf \u03b1\u03c0\u03bf\u03c3\u03c5\u03bc\u03c6\u03cc\u03c1\u03b7\u03c3\u03b7\u03c2, \u03b3\u03b9\u03b1 \u03bf\u03b9\u03b4\u03b7\u03bc\u03b1\u03c4\u03ce\u03b4\u03b5\u03b9\u03c2 \u03c0\u03b5\u03c1\u03b9\u03bf\u03c7\u03ad\u03c2 \u03c4\u03bf\u03c5 \u03c3\u03ce\u03bc\u03b1\u03c4\u03bf\u03c2","robots":{"index":"index","follow":"follow","max-snippet":"max-snippet:-1","max-image-preview":"max-image-preview:large","max-video-preview":"max-video-preview:-1"},"canonical":"https:\/\/osteothess.gr\/de\/lemfiki-malaxi\/","og_locale":"de_DE","og_type":"article","og_title":"Lymphdrainage - \u039f\u03c3\u03c4\u03b5\u03bf\u03c0\u03b1\u03b8\u03b7\u03c4\u03b9\u03ba\u03cc\u03c2 \u0395\u03bb\u03b5\u03c5\u03b8\u03ad\u03c1\u03b9\u03bf\u03c2 \u039d\u03b1\u03c3\u03b9\u03cc\u03c0\u03bf\u03c5\u03bb\u03bf\u03c2","og_description":"\u0397 \u03bb\u03b5\u03bc\u03c6\u03b9\u03ba\u03ae \u03bc\u03ac\u03bb\u03b1\u03be\u03b7\/\u03c0\u03b1\u03c1\u03bf\u03c7\u03ad\u03c4\u03b5\u03c5\u03c3\u03b7 \u03ba\u03b1\u03b9 \u03b7 \u03c0\u03b5\u03c1\u03af\u03b4\u03b5\u03c3\u03b7, \u03c7\u03c1\u03b7\u03c3\u03b9\u03bc\u03bf\u03c0\u03bf\u03b9\u03b5\u03af\u03c4\u03b1\u03b9 \u03ba\u03c5\u03c1\u03af\u03c9\u03c2 \u03c9\u03c2 \u03b8\u03b5\u03c1\u03b1\u03c0\u03b5\u03c5\u03c4\u03b9\u03ba\u03cc \u03bc\u03ad\u03c3\u03bf \u03b1\u03c0\u03bf\u03c3\u03c5\u03bc\u03c6\u03cc\u03c1\u03b7\u03c3\u03b7\u03c2, \u03b3\u03b9\u03b1 \u03bf\u03b9\u03b4\u03b7\u03bc\u03b1\u03c4\u03ce\u03b4\u03b5\u03b9\u03c2 \u03c0\u03b5\u03c1\u03b9\u03bf\u03c7\u03ad\u03c2 \u03c4\u03bf\u03c5 \u03c3\u03ce\u03bc\u03b1\u03c4\u03bf\u03c2","og_url":"https:\/\/osteothess.gr\/de\/lemfiki-malaxi\/","og_site_name":"\u039f\u03c3\u03c4\u03b5\u03bf\u03c0\u03b1\u03b8\u03b7\u03c4\u03b9\u03ba\u03cc\u03c2 \u0395\u03bb\u03b5\u03c5\u03b8\u03ad\u03c1\u03b9\u03bf\u03c2 \u039d\u03b1\u03c3\u03b9\u03cc\u03c0\u03bf\u03c5\u03bb\u03bf\u03c2","article_modified_time":"2021-05-12T10:18:13+00:00","og_image":[{"url":"http:\/\/osteothess.gr\/wp-content\/uploads\/2021\/03\/lemff.jpg","type":"","width":"","height":""}],"twitter_card":"summary_large_image","twitter_misc":{"Gesch\u00e4tzte Lesezeit":"2\u00a0Minuten"},"schema":{"@context":"https:\/\/schema.org","@graph":[{"@type":"WebPage","@id":"https:\/\/osteothess.gr\/de\/lemfiki-malaxi\/","url":"https:\/\/osteothess.gr\/de\/lemfiki-malaxi\/","name":"Lymphdrainage - \u039f\u03c3\u03c4\u03b5\u03bf\u03c0\u03b1\u03b8\u03b7\u03c4\u03b9\u03ba\u03cc\u03c2 \u0395\u03bb\u03b5\u03c5\u03b8\u03ad\u03c1\u03b9\u03bf\u03c2 \u039d\u03b1\u03c3\u03b9\u03cc\u03c0\u03bf\u03c5\u03bb\u03bf\u03c2","isPartOf":{"@id":"https:\/\/osteothess.gr\/de\/#website"},"primaryImageOfPage":{"@id":"https:\/\/osteothess.gr\/de\/lemfiki-malaxi\/#primaryimage"},"image":{"@id":"https:\/\/osteothess.gr\/de\/lemfiki-malaxi\/#primaryimage"},"thumbnailUrl":"http:\/\/osteothess.gr\/wp-content\/uploads\/2021\/03\/lemff.jpg","datePublished":"2021-01-02T17:22:55+00:00","dateModified":"2021-05-12T10:18:13+00:00","description":"\u0397 \u03bb\u03b5\u03bc\u03c6\u03b9\u03ba\u03ae \u03bc\u03ac\u03bb\u03b1\u03be\u03b7\/\u03c0\u03b1\u03c1\u03bf\u03c7\u03ad\u03c4\u03b5\u03c5\u03c3\u03b7 \u03ba\u03b1\u03b9 \u03b7 \u03c0\u03b5\u03c1\u03af\u03b4\u03b5\u03c3\u03b7, \u03c7\u03c1\u03b7\u03c3\u03b9\u03bc\u03bf\u03c0\u03bf\u03b9\u03b5\u03af\u03c4\u03b1\u03b9 \u03ba\u03c5\u03c1\u03af\u03c9\u03c2 \u03c9\u03c2 \u03b8\u03b5\u03c1\u03b1\u03c0\u03b5\u03c5\u03c4\u03b9\u03ba\u03cc \u03bc\u03ad\u03c3\u03bf \u03b1\u03c0\u03bf\u03c3\u03c5\u03bc\u03c6\u03cc\u03c1\u03b7\u03c3\u03b7\u03c2, \u03b3\u03b9\u03b1 \u03bf\u03b9\u03b4\u03b7\u03bc\u03b1\u03c4\u03ce\u03b4\u03b5\u03b9\u03c2 \u03c0\u03b5\u03c1\u03b9\u03bf\u03c7\u03ad\u03c2 \u03c4\u03bf\u03c5 \u03c3\u03ce\u03bc\u03b1\u03c4\u03bf\u03c2","breadcrumb":{"@id":"https:\/\/osteothess.gr\/de\/lemfiki-malaxi\/#breadcrumb"},"inLanguage":"de","potentialAction":[{"@type":"ReadAction","target":["https:\/\/osteothess.gr\/de\/lemfiki-malaxi\/"]}]},{"@type":"ImageObject","inLanguage":"de","@id":"https:\/\/osteothess.gr\/de\/lemfiki-malaxi\/#primaryimage","url":"http:\/\/osteothess.gr\/wp-content\/uploads\/2021\/03\/lemff.jpg","contentUrl":"http:\/\/osteothess.gr\/wp-content\/uploads\/2021\/03\/lemff.jpg"},{"@type":"BreadcrumbList","@id":"https:\/\/osteothess.gr\/de\/lemfiki-malaxi\/#breadcrumb","itemListElement":[{"@type":"ListItem","position":1,"name":"\u0391\u03c1\u03c7\u03b9\u03ba\u03ae","item":"https:\/\/osteothess.gr\/de\/"},{"@type":"ListItem","position":2,"name":"Lymphdrainage"}]},{"@type":"WebSite","@id":"https:\/\/osteothess.gr\/de\/#website","url":"https:\/\/osteothess.gr\/de\/","name":"\u039f\u03c3\u03c4\u03b5\u03bf\u03c0\u03b1\u03b8\u03b7\u03c4\u03b9\u03ba\u03cc\u03c2 \u0395\u03bb\u03b5\u03c5\u03b8\u03ad\u03c1\u03b9\u03bf\u03c2 \u039d\u03b1\u03c3\u03b9\u03cc\u03c0\u03bf\u03c5\u03bb\u03bf\u03c2","description":"\u039f\u03c3\u03c4\u03b5\u03bf\u03c0\u03b1\u03b8\u03b7\u03c4\u03b9\u03ba\u03ae \u03b1\u03b3\u03c9\u03b3\u03ae","potentialAction":[{"@type":"SearchAction","target":{"@type":"EntryPoint","urlTemplate":"https:\/\/osteothess.gr\/de\/?s={search_term_string}"},"query-input":{"@type":"PropertyValueSpecification","valueRequired":true,"valueName":"search_term_string"}}],"inLanguage":"de"}]}},"_links":{"self":[{"href":"https:\/\/osteothess.gr\/de\/wp-json\/wp\/v2\/pages\/1607","targetHints":{"allow":["GET"]}}],"collection":[{"href":"https:\/\/osteothess.gr\/de\/wp-json\/wp\/v2\/pages"}],"about":[{"href":"https:\/\/osteothess.gr\/de\/wp-json\/wp\/v2\/types\/page"}],"author":[{"embeddable":true,"href":"https:\/\/osteothess.gr\/de\/wp-json\/wp\/v2\/users\/1"}],"replies":[{"embeddable":true,"href":"https:\/\/osteothess.gr\/de\/wp-json\/wp\/v2\/comments?post=1607"}],"version-history":[{"count":4,"href":"https:\/\/osteothess.gr\/de\/wp-json\/wp\/v2\/pages\/1607\/revisions"}],"predecessor-version":[{"id":1680,"href":"https:\/\/osteothess.gr\/de\/wp-json\/wp\/v2\/pages\/1607\/revisions\/1680"}],"wp:attachment":[{"href":"https:\/\/osteothess.gr\/de\/wp-json\/wp\/v2\/media?parent=1607"}],"curies":[{"name":"wp","href":"https:\/\/api.w.org\/{rel}","templated":true}]}}