{"id":1623,"date":"2021-01-02T17:13:16","date_gmt":"2021-01-02T17:13:16","guid":{"rendered":"http:\/\/osteothess.gr\/kranioieri-osteopathitiki\/"},"modified":"2021-05-12T10:14:54","modified_gmt":"2021-05-12T10:14:54","slug":"kranioieri-osteopathitiki","status":"publish","type":"page","link":"https:\/\/osteothess.gr\/de\/kranioieri-osteopathitiki\/","title":{"rendered":"Craniosacral Osteopathie"},"content":{"rendered":"\t\t<div data-elementor-type=\"wp-page\" data-elementor-id=\"1623\" class=\"elementor elementor-1623 elementor-702\" data-elementor-post-type=\"page\">\n\t\t\t\t\t\t<section class=\"elementor-section elementor-top-section elementor-element elementor-element-4007901 elementor-section-boxed elementor-section-height-default elementor-section-height-default parallax_section_no qode_elementor_container_no\" data-id=\"4007901\" data-element_type=\"section\" data-e-type=\"section\">\n\t\t\t\t\t\t<div class=\"elementor-container elementor-column-gap-default\">\n\t\t\t\t\t<div class=\"elementor-column elementor-col-100 elementor-top-column elementor-element elementor-element-083a373\" data-id=\"083a373\" data-element_type=\"column\" data-e-type=\"column\">\n\t\t\t<div class=\"elementor-widget-wrap elementor-element-populated\">\n\t\t\t\t\t\t<div class=\"elementor-element elementor-element-2abbc421 elementor-widget elementor-widget-heading\" data-id=\"2abbc421\" data-element_type=\"widget\" data-e-type=\"widget\" data-widget_type=\"heading.default\">\n\t\t\t\t<div class=\"elementor-widget-container\">\n\t\t\t\t\t<h2 class=\"elementor-heading-title elementor-size-default\">Craniosacral Osteopathie<\/h2>\t\t\t\t<\/div>\n\t\t\t\t<\/div>\n\t\t\t\t<div class=\"elementor-element elementor-element-289a74 elementor-widget elementor-widget-heading\" data-id=\"289a74\" data-element_type=\"widget\" data-e-type=\"widget\" data-widget_type=\"heading.default\">\n\t\t\t\t<div class=\"elementor-widget-container\">\n\t\t\t\t\t<h4 class=\"elementor-heading-title elementor-size-default\">Heilung vom Kreuzbein bis zur Spitze Ihres Kopfes!<\/h4>\t\t\t\t<\/div>\n\t\t\t\t<\/div>\n\t\t\t\t\t<\/div>\n\t\t<\/div>\n\t\t\t\t\t<\/div>\n\t\t<\/section>\n\t\t\t\t<section class=\"elementor-section elementor-top-section elementor-element elementor-element-1be66ded elementor-section-boxed elementor-section-height-default elementor-section-height-default parallax_section_no qode_elementor_container_no\" data-id=\"1be66ded\" data-element_type=\"section\" data-e-type=\"section\">\n\t\t\t\t\t\t<div class=\"elementor-container elementor-column-gap-default\">\n\t\t\t\t\t<div class=\"elementor-column elementor-col-66 elementor-top-column elementor-element elementor-element-266cb42c\" data-id=\"266cb42c\" data-element_type=\"column\" data-e-type=\"column\">\n\t\t\t<div class=\"elementor-widget-wrap elementor-element-populated\">\n\t\t\t\t\t\t<div class=\"elementor-element elementor-element-c6f78dd elementor-widget elementor-widget-text-editor\" data-id=\"c6f78dd\" data-element_type=\"widget\" data-e-type=\"widget\" data-widget_type=\"text-editor.default\">\n\t\t\t\t<div class=\"elementor-widget-container\">\n\t\t\t\t\t\t\t\t\t<p style=\"text-align: justify;\">Diese sanfte Behandlung zielt darauf ab, die Funktion des Sch\u00e4del-Kreuzbein systems zu bewerten und zu verbessern. Das System beginnt am Sch\u00e4del, verl\u00e4uft durch jeden Wirbel bis hin zur Basis der Wirbels\u00e4ule bis zum Kreuzbein.<br \/><br \/>Die Craniosakraltherapie basiert auf der Theorie, dass die Sch\u00e4delknochen, aber auch die Liquor cerebrospinalis, die sich zwischen den Schichten unserer Hirnh\u00e4ute und unseres Sch\u00e4dels befindet, in regelm\u00e4\u00dfigen Abst\u00e4nden in st\u00e4ndigem Fluss und Bewegung sind. Dank dieser minimalen Bewegung, die die Rolle des Reglers spielt, funktioniert unser Sch\u00e4delsystem. Aus diesem Grund kann jede Destabilisierung dieses Systems zu St\u00f6rungen, Fehlfunktionen und Schmerzen f\u00fchren.<br \/><br \/>Die Untersuchung dieser Anatomie des menschlichen Sch\u00e4dels und seiner Biomechanik f\u00fchrte dazu, dass die Osteopathie eine spezielle Palpationstechnik entwickelt wurde, mit der eine Reihe von St\u00f6rungen bei S\u00e4uglingen und Erwachsenen gelindert werden.<br \/><br \/>Diese sanfte Palpation erm\u00f6glicht es dem Osteopathen, die Beurteilung zu vertiefen und Patienten, die an Migr\u00e4ne, Sch\u00fcttelfrost, Schwindel, Schmerzen im Sch\u00e4del, Nacken, R\u00fccken und Taille, aber auch an Erkrankungen wie schr\u00e4gem Kopf und akuter Mittelohrentz\u00fcndung leiden, wirksamer zu helfen. Sie kann auch bei schlafbezogenen Problemen helfen und die Lebensqualit\u00e4t verbessern.<\/p>\t\t\t\t\t\t\t\t<\/div>\n\t\t\t\t<\/div>\n\t\t\t\t<div class=\"elementor-element elementor-element-7ea2c0e elementor-widget elementor-widget-image\" data-id=\"7ea2c0e\" data-element_type=\"widget\" data-e-type=\"widget\" data-widget_type=\"image.default\">\n\t\t\t\t<div class=\"elementor-widget-container\">\n\t\t\t\t\t\t\t\t\t\t\t\t\t\t\t<img fetchpriority=\"high\" decoding=\"async\" width=\"1024\" height=\"683\" src=\"https:\/\/osteothess.gr\/wp-content\/uploads\/2021\/03\/kranio.jpg\" class=\"attachment-large size-large wp-image-1511\" alt=\"\" srcset=\"https:\/\/osteothess.gr\/wp-content\/uploads\/2021\/03\/kranio.jpg 1024w, https:\/\/osteothess.gr\/wp-content\/uploads\/2021\/03\/kranio-300x200.jpg 300w, https:\/\/osteothess.gr\/wp-content\/uploads\/2021\/03\/kranio-768x512.jpg 768w, https:\/\/osteothess.gr\/wp-content\/uploads\/2021\/03\/kranio-700x467.jpg 700w\" sizes=\"(max-width: 1024px) 100vw, 1024px\" \/>\t\t\t\t\t\t\t\t\t\t\t\t\t\t\t<\/div>\n\t\t\t\t<\/div>\n\t\t\t\t\t<\/div>\n\t\t<\/div>\n\t\t\t\t<div class=\"elementor-column elementor-col-33 elementor-top-column elementor-element elementor-element-40b4936f\" data-id=\"40b4936f\" data-element_type=\"column\" data-e-type=\"column\">\n\t\t\t<div class=\"elementor-widget-wrap elementor-element-populated\">\n\t\t\t\t\t\t<div class=\"elementor-element elementor-element-76d83011 elementor-widget elementor-widget-sidebar\" data-id=\"76d83011\" data-element_type=\"widget\" data-e-type=\"widget\" data-widget_type=\"sidebar.default\">\n\t\t\t\t<div class=\"elementor-widget-container\">\n\t\t\t\t\t<div id=\"nav_menu-4\" class=\"widget widget_nav_menu posts_holder\"><h5>BEHANDLUNG<\/h5><div class=\"menu-behandlung-container\"><ul id=\"menu-behandlung\" class=\"menu\"><li id=\"menu-item-1805\" class=\"menu-item menu-item-type-post_type menu-item-object-page menu-item-1805\"><a href=\"https:\/\/osteothess.gr\/de\/osteopathitiki-therapeia\/\">Osteopathie<\/a><\/li>\n<li id=\"menu-item-1806\" class=\"menu-item menu-item-type-post_type menu-item-object-page menu-item-1806\"><a href=\"https:\/\/osteothess.gr\/de\/domiki-osteopathitiki\/\">Strukturelle Osteopathie<\/a><\/li>\n<li id=\"menu-item-1807\" class=\"menu-item menu-item-type-post_type menu-item-object-page menu-item-1807\"><a href=\"https:\/\/osteothess.gr\/de\/splachniki-osteopathitiki\/\">Viszerale Osteopathie<\/a><\/li>\n<li id=\"menu-item-1808\" class=\"menu-item menu-item-type-post_type menu-item-object-page menu-item-1808\"><a href=\"https:\/\/osteothess.gr\/de\/kranioieri-osteopathitiki\/\">Craniosacral Osteopathie<\/a><\/li>\n<li id=\"menu-item-1809\" class=\"menu-item menu-item-type-post_type menu-item-object-page menu-item-1809\"><a href=\"https:\/\/osteothess.gr\/de\/peritoniaki-malaxi\/\">Reflexzonenmassage<\/a><\/li>\n<li id=\"menu-item-1810\" class=\"menu-item menu-item-type-post_type menu-item-object-page menu-item-1810\"><a href=\"https:\/\/osteothess.gr\/de\/trigger-point-massage\/\">Trigger Point Massage<\/a><\/li>\n<li id=\"menu-item-1811\" class=\"menu-item menu-item-type-post_type menu-item-object-page menu-item-1811\"><a href=\"https:\/\/osteothess.gr\/de\/lemfiki-malaxi\/\">Lymphdrainage<\/a><\/li>\n<li id=\"menu-item-1812\" class=\"menu-item menu-item-type-post_type menu-item-object-page menu-item-1812\"><a href=\"https:\/\/osteothess.gr\/de\/oto-velonismos\/\">Ohrakupunktur<\/a><\/li>\n<li id=\"menu-item-1813\" class=\"menu-item menu-item-type-post_type menu-item-object-page menu-item-1813\"><a href=\"https:\/\/osteothess.gr\/de\/ventouzes-therapeia\/\">Schr\u00f6pftherapie<\/a><\/li>\n<\/ul><\/div><\/div><div class=\"widget qode_button_widget\"><a  itemprop=\"url\" href=\"http:\/\/osteothess.gr\/de\/epikoinonia\/\" target=\"_self\" data-hover-background-color=\"#708573\" data-hover-color=\"#f7f0ea\" class=\"qbutton  default\" style=\"color: #f7f0ea; background-color:#708573;\">BUCHEN SIE JETZT<\/a><\/div><div id=\"search-5\" class=\"widget widget_search posts_holder\"><h5>Suche<\/h5><form role=\"search\" method=\"get\" id=\"searchform\" action=\"https:\/\/osteothess.gr\/de\/\">\n    <div><label class=\"screen-reader-text\" for=\"s\">Search for:<\/label>\n        <input type=\"text\" value=\"\" placeholder=\"Search Here\" name=\"s\" id=\"s\" \/>\n        <input type=\"submit\" id=\"searchsubmit\" value=\"&#xf002\" \/>\n    <\/div>\n<\/form><\/div>\t\t\t\t<\/div>\n\t\t\t\t<\/div>\n\t\t\t\t\t<\/div>\n\t\t<\/div>\n\t\t\t\t\t<\/div>\n\t\t<\/section>\n\t\t\t\t<\/div>\n\t\t","protected":false},"excerpt":{"rendered":"<p>Craniosacral Osteopathie Heilung vom Kreuzbein bis zur Spitze Ihres Kopfes! Diese sanfte Behandlung zielt darauf ab, die Funktion des Sch\u00e4del-Kreuzbein systems zu bewerten und zu verbessern. Das System beginnt am Sch\u00e4del, verl\u00e4uft durch jeden Wirbel bis hin zur Basis der Wirbels\u00e4ule bis zum Kreuzbein. Die&#8230;<\/p>\n","protected":false},"author":1,"featured_media":0,"parent":0,"menu_order":0,"comment_status":"closed","ping_status":"closed","template":"","meta":{"footnotes":""},"class_list":["post-1623","page","type-page","status-publish","hentry"],"yoast_head":"<!-- This site is optimized with the Yoast SEO plugin v27.1.1 - https:\/\/yoast.com\/product\/yoast-seo-wordpress\/ -->\n<title>Craniosacral Osteopathie - \u039f\u03c3\u03c4\u03b5\u03bf\u03c0\u03b1\u03b8\u03b7\u03c4\u03b9\u03ba\u03cc\u03c2 \u0395\u03bb\u03b5\u03c5\u03b8\u03ad\u03c1\u03b9\u03bf\u03c2 \u039d\u03b1\u03c3\u03b9\u03cc\u03c0\u03bf\u03c5\u03bb\u03bf\u03c2<\/title>\n<meta name=\"description\" content=\"\u0397 \u03ae\u03c0\u03b9\u03b1 \u03b1\u03c5\u03c4\u03ae \u03b8\u03b5\u03c1\u03b1\u03c0\u03b5\u03af\u03b1 \u03c3\u03c4\u03bf\u03c7\u03b5\u03cd\u03b5\u03b9 \u03c3\u03c4\u03b7\u03bd \u03b1\u03be\u03b9\u03bf\u03bb\u03cc\u03b3\u03b7\u03c3\u03b7 \u03ba\u03b1\u03b9 \u03c3\u03c4\u03b7 \u03b2\u03b5\u03bb\u03c4\u03af\u03c9\u03c3\u03b7 \u03c4\u03b7\u03c2 \u03bb\u03b5\u03b9\u03c4\u03bf\u03c5\u03c1\u03b3\u03af\u03b1\u03c2 \u03c4\u03bf\u03c5 \u03ba\u03c1\u03b1\u03bd\u03b9\u03bf\u03ca\u03b5\u03c1\u03bf\u03cd \u03c3\u03c5\u03c3\u03c4\u03ae\u03bc\u03b1\u03c4\u03bf\u03c2, \u03c4\u03bf \u03bf\u03c0\u03bf\u03af\u03bf \u03be\u03b5\u03ba\u03b9\u03bd\u03ac \u03b1\u03c0\u03cc \u03c4\u03bf \u03ba\u03c1\u03b1\u03bd\u03af\u03bf\" \/>\n<meta name=\"robots\" content=\"index, follow, max-snippet:-1, max-image-preview:large, max-video-preview:-1\" \/>\n<link rel=\"canonical\" href=\"https:\/\/osteothess.gr\/de\/kranioieri-osteopathitiki\/\" \/>\n<meta property=\"og:locale\" content=\"de_DE\" \/>\n<meta property=\"og:type\" content=\"article\" \/>\n<meta property=\"og:title\" content=\"Craniosacral Osteopathie - \u039f\u03c3\u03c4\u03b5\u03bf\u03c0\u03b1\u03b8\u03b7\u03c4\u03b9\u03ba\u03cc\u03c2 \u0395\u03bb\u03b5\u03c5\u03b8\u03ad\u03c1\u03b9\u03bf\u03c2 \u039d\u03b1\u03c3\u03b9\u03cc\u03c0\u03bf\u03c5\u03bb\u03bf\u03c2\" \/>\n<meta property=\"og:description\" content=\"\u0397 \u03ae\u03c0\u03b9\u03b1 \u03b1\u03c5\u03c4\u03ae \u03b8\u03b5\u03c1\u03b1\u03c0\u03b5\u03af\u03b1 \u03c3\u03c4\u03bf\u03c7\u03b5\u03cd\u03b5\u03b9 \u03c3\u03c4\u03b7\u03bd \u03b1\u03be\u03b9\u03bf\u03bb\u03cc\u03b3\u03b7\u03c3\u03b7 \u03ba\u03b1\u03b9 \u03c3\u03c4\u03b7 \u03b2\u03b5\u03bb\u03c4\u03af\u03c9\u03c3\u03b7 \u03c4\u03b7\u03c2 \u03bb\u03b5\u03b9\u03c4\u03bf\u03c5\u03c1\u03b3\u03af\u03b1\u03c2 \u03c4\u03bf\u03c5 \u03ba\u03c1\u03b1\u03bd\u03b9\u03bf\u03ca\u03b5\u03c1\u03bf\u03cd \u03c3\u03c5\u03c3\u03c4\u03ae\u03bc\u03b1\u03c4\u03bf\u03c2, \u03c4\u03bf \u03bf\u03c0\u03bf\u03af\u03bf \u03be\u03b5\u03ba\u03b9\u03bd\u03ac \u03b1\u03c0\u03cc \u03c4\u03bf \u03ba\u03c1\u03b1\u03bd\u03af\u03bf\" \/>\n<meta property=\"og:url\" content=\"https:\/\/osteothess.gr\/de\/kranioieri-osteopathitiki\/\" \/>\n<meta property=\"og:site_name\" content=\"\u039f\u03c3\u03c4\u03b5\u03bf\u03c0\u03b1\u03b8\u03b7\u03c4\u03b9\u03ba\u03cc\u03c2 \u0395\u03bb\u03b5\u03c5\u03b8\u03ad\u03c1\u03b9\u03bf\u03c2 \u039d\u03b1\u03c3\u03b9\u03cc\u03c0\u03bf\u03c5\u03bb\u03bf\u03c2\" \/>\n<meta property=\"article:modified_time\" content=\"2021-05-12T10:14:54+00:00\" \/>\n<meta property=\"og:image\" content=\"http:\/\/osteothess.gr\/wp-content\/uploads\/2021\/03\/kranio.jpg\" \/>\n<meta name=\"twitter:card\" content=\"summary_large_image\" \/>\n<meta name=\"twitter:label1\" content=\"Gesch\u00e4tzte Lesezeit\" \/>\n\t<meta name=\"twitter:data1\" content=\"2\u00a0Minuten\" \/>\n<script type=\"application\/ld+json\" class=\"yoast-schema-graph\">{\"@context\":\"https:\/\/schema.org\",\"@graph\":[{\"@type\":\"WebPage\",\"@id\":\"https:\/\/osteothess.gr\/de\/kranioieri-osteopathitiki\/\",\"url\":\"https:\/\/osteothess.gr\/de\/kranioieri-osteopathitiki\/\",\"name\":\"Craniosacral Osteopathie - \u039f\u03c3\u03c4\u03b5\u03bf\u03c0\u03b1\u03b8\u03b7\u03c4\u03b9\u03ba\u03cc\u03c2 \u0395\u03bb\u03b5\u03c5\u03b8\u03ad\u03c1\u03b9\u03bf\u03c2 \u039d\u03b1\u03c3\u03b9\u03cc\u03c0\u03bf\u03c5\u03bb\u03bf\u03c2\",\"isPartOf\":{\"@id\":\"https:\/\/osteothess.gr\/de\/#website\"},\"primaryImageOfPage\":{\"@id\":\"https:\/\/osteothess.gr\/de\/kranioieri-osteopathitiki\/#primaryimage\"},\"image\":{\"@id\":\"https:\/\/osteothess.gr\/de\/kranioieri-osteopathitiki\/#primaryimage\"},\"thumbnailUrl\":\"http:\/\/osteothess.gr\/wp-content\/uploads\/2021\/03\/kranio.jpg\",\"datePublished\":\"2021-01-02T17:13:16+00:00\",\"dateModified\":\"2021-05-12T10:14:54+00:00\",\"description\":\"\u0397 \u03ae\u03c0\u03b9\u03b1 \u03b1\u03c5\u03c4\u03ae \u03b8\u03b5\u03c1\u03b1\u03c0\u03b5\u03af\u03b1 \u03c3\u03c4\u03bf\u03c7\u03b5\u03cd\u03b5\u03b9 \u03c3\u03c4\u03b7\u03bd \u03b1\u03be\u03b9\u03bf\u03bb\u03cc\u03b3\u03b7\u03c3\u03b7 \u03ba\u03b1\u03b9 \u03c3\u03c4\u03b7 \u03b2\u03b5\u03bb\u03c4\u03af\u03c9\u03c3\u03b7 \u03c4\u03b7\u03c2 \u03bb\u03b5\u03b9\u03c4\u03bf\u03c5\u03c1\u03b3\u03af\u03b1\u03c2 \u03c4\u03bf\u03c5 \u03ba\u03c1\u03b1\u03bd\u03b9\u03bf\u03ca\u03b5\u03c1\u03bf\u03cd \u03c3\u03c5\u03c3\u03c4\u03ae\u03bc\u03b1\u03c4\u03bf\u03c2, \u03c4\u03bf \u03bf\u03c0\u03bf\u03af\u03bf \u03be\u03b5\u03ba\u03b9\u03bd\u03ac \u03b1\u03c0\u03cc \u03c4\u03bf \u03ba\u03c1\u03b1\u03bd\u03af\u03bf\",\"breadcrumb\":{\"@id\":\"https:\/\/osteothess.gr\/de\/kranioieri-osteopathitiki\/#breadcrumb\"},\"inLanguage\":\"de\",\"potentialAction\":[{\"@type\":\"ReadAction\",\"target\":[\"https:\/\/osteothess.gr\/de\/kranioieri-osteopathitiki\/\"]}]},{\"@type\":\"ImageObject\",\"inLanguage\":\"de\",\"@id\":\"https:\/\/osteothess.gr\/de\/kranioieri-osteopathitiki\/#primaryimage\",\"url\":\"http:\/\/osteothess.gr\/wp-content\/uploads\/2021\/03\/kranio.jpg\",\"contentUrl\":\"http:\/\/osteothess.gr\/wp-content\/uploads\/2021\/03\/kranio.jpg\"},{\"@type\":\"BreadcrumbList\",\"@id\":\"https:\/\/osteothess.gr\/de\/kranioieri-osteopathitiki\/#breadcrumb\",\"itemListElement\":[{\"@type\":\"ListItem\",\"position\":1,\"name\":\"\u0391\u03c1\u03c7\u03b9\u03ba\u03ae\",\"item\":\"https:\/\/osteothess.gr\/de\/\"},{\"@type\":\"ListItem\",\"position\":2,\"name\":\"Craniosacral Osteopathie\"}]},{\"@type\":\"WebSite\",\"@id\":\"https:\/\/osteothess.gr\/de\/#website\",\"url\":\"https:\/\/osteothess.gr\/de\/\",\"name\":\"\u039f\u03c3\u03c4\u03b5\u03bf\u03c0\u03b1\u03b8\u03b7\u03c4\u03b9\u03ba\u03cc\u03c2 \u0395\u03bb\u03b5\u03c5\u03b8\u03ad\u03c1\u03b9\u03bf\u03c2 \u039d\u03b1\u03c3\u03b9\u03cc\u03c0\u03bf\u03c5\u03bb\u03bf\u03c2\",\"description\":\"\u039f\u03c3\u03c4\u03b5\u03bf\u03c0\u03b1\u03b8\u03b7\u03c4\u03b9\u03ba\u03ae \u03b1\u03b3\u03c9\u03b3\u03ae\",\"potentialAction\":[{\"@type\":\"SearchAction\",\"target\":{\"@type\":\"EntryPoint\",\"urlTemplate\":\"https:\/\/osteothess.gr\/de\/?s={search_term_string}\"},\"query-input\":{\"@type\":\"PropertyValueSpecification\",\"valueRequired\":true,\"valueName\":\"search_term_string\"}}],\"inLanguage\":\"de\"}]}<\/script>\n<!-- \/ Yoast SEO plugin. -->","yoast_head_json":{"title":"Craniosacral Osteopathie - \u039f\u03c3\u03c4\u03b5\u03bf\u03c0\u03b1\u03b8\u03b7\u03c4\u03b9\u03ba\u03cc\u03c2 \u0395\u03bb\u03b5\u03c5\u03b8\u03ad\u03c1\u03b9\u03bf\u03c2 \u039d\u03b1\u03c3\u03b9\u03cc\u03c0\u03bf\u03c5\u03bb\u03bf\u03c2","description":"\u0397 \u03ae\u03c0\u03b9\u03b1 \u03b1\u03c5\u03c4\u03ae \u03b8\u03b5\u03c1\u03b1\u03c0\u03b5\u03af\u03b1 \u03c3\u03c4\u03bf\u03c7\u03b5\u03cd\u03b5\u03b9 \u03c3\u03c4\u03b7\u03bd \u03b1\u03be\u03b9\u03bf\u03bb\u03cc\u03b3\u03b7\u03c3\u03b7 \u03ba\u03b1\u03b9 \u03c3\u03c4\u03b7 \u03b2\u03b5\u03bb\u03c4\u03af\u03c9\u03c3\u03b7 \u03c4\u03b7\u03c2 \u03bb\u03b5\u03b9\u03c4\u03bf\u03c5\u03c1\u03b3\u03af\u03b1\u03c2 \u03c4\u03bf\u03c5 \u03ba\u03c1\u03b1\u03bd\u03b9\u03bf\u03ca\u03b5\u03c1\u03bf\u03cd \u03c3\u03c5\u03c3\u03c4\u03ae\u03bc\u03b1\u03c4\u03bf\u03c2, \u03c4\u03bf \u03bf\u03c0\u03bf\u03af\u03bf \u03be\u03b5\u03ba\u03b9\u03bd\u03ac \u03b1\u03c0\u03cc \u03c4\u03bf \u03ba\u03c1\u03b1\u03bd\u03af\u03bf","robots":{"index":"index","follow":"follow","max-snippet":"max-snippet:-1","max-image-preview":"max-image-preview:large","max-video-preview":"max-video-preview:-1"},"canonical":"https:\/\/osteothess.gr\/de\/kranioieri-osteopathitiki\/","og_locale":"de_DE","og_type":"article","og_title":"Craniosacral Osteopathie - \u039f\u03c3\u03c4\u03b5\u03bf\u03c0\u03b1\u03b8\u03b7\u03c4\u03b9\u03ba\u03cc\u03c2 \u0395\u03bb\u03b5\u03c5\u03b8\u03ad\u03c1\u03b9\u03bf\u03c2 \u039d\u03b1\u03c3\u03b9\u03cc\u03c0\u03bf\u03c5\u03bb\u03bf\u03c2","og_description":"\u0397 \u03ae\u03c0\u03b9\u03b1 \u03b1\u03c5\u03c4\u03ae \u03b8\u03b5\u03c1\u03b1\u03c0\u03b5\u03af\u03b1 \u03c3\u03c4\u03bf\u03c7\u03b5\u03cd\u03b5\u03b9 \u03c3\u03c4\u03b7\u03bd \u03b1\u03be\u03b9\u03bf\u03bb\u03cc\u03b3\u03b7\u03c3\u03b7 \u03ba\u03b1\u03b9 \u03c3\u03c4\u03b7 \u03b2\u03b5\u03bb\u03c4\u03af\u03c9\u03c3\u03b7 \u03c4\u03b7\u03c2 \u03bb\u03b5\u03b9\u03c4\u03bf\u03c5\u03c1\u03b3\u03af\u03b1\u03c2 \u03c4\u03bf\u03c5 \u03ba\u03c1\u03b1\u03bd\u03b9\u03bf\u03ca\u03b5\u03c1\u03bf\u03cd \u03c3\u03c5\u03c3\u03c4\u03ae\u03bc\u03b1\u03c4\u03bf\u03c2, \u03c4\u03bf \u03bf\u03c0\u03bf\u03af\u03bf \u03be\u03b5\u03ba\u03b9\u03bd\u03ac \u03b1\u03c0\u03cc \u03c4\u03bf \u03ba\u03c1\u03b1\u03bd\u03af\u03bf","og_url":"https:\/\/osteothess.gr\/de\/kranioieri-osteopathitiki\/","og_site_name":"\u039f\u03c3\u03c4\u03b5\u03bf\u03c0\u03b1\u03b8\u03b7\u03c4\u03b9\u03ba\u03cc\u03c2 \u0395\u03bb\u03b5\u03c5\u03b8\u03ad\u03c1\u03b9\u03bf\u03c2 \u039d\u03b1\u03c3\u03b9\u03cc\u03c0\u03bf\u03c5\u03bb\u03bf\u03c2","article_modified_time":"2021-05-12T10:14:54+00:00","og_image":[{"url":"http:\/\/osteothess.gr\/wp-content\/uploads\/2021\/03\/kranio.jpg","type":"","width":"","height":""}],"twitter_card":"summary_large_image","twitter_misc":{"Gesch\u00e4tzte Lesezeit":"2\u00a0Minuten"},"schema":{"@context":"https:\/\/schema.org","@graph":[{"@type":"WebPage","@id":"https:\/\/osteothess.gr\/de\/kranioieri-osteopathitiki\/","url":"https:\/\/osteothess.gr\/de\/kranioieri-osteopathitiki\/","name":"Craniosacral Osteopathie - \u039f\u03c3\u03c4\u03b5\u03bf\u03c0\u03b1\u03b8\u03b7\u03c4\u03b9\u03ba\u03cc\u03c2 \u0395\u03bb\u03b5\u03c5\u03b8\u03ad\u03c1\u03b9\u03bf\u03c2 \u039d\u03b1\u03c3\u03b9\u03cc\u03c0\u03bf\u03c5\u03bb\u03bf\u03c2","isPartOf":{"@id":"https:\/\/osteothess.gr\/de\/#website"},"primaryImageOfPage":{"@id":"https:\/\/osteothess.gr\/de\/kranioieri-osteopathitiki\/#primaryimage"},"image":{"@id":"https:\/\/osteothess.gr\/de\/kranioieri-osteopathitiki\/#primaryimage"},"thumbnailUrl":"http:\/\/osteothess.gr\/wp-content\/uploads\/2021\/03\/kranio.jpg","datePublished":"2021-01-02T17:13:16+00:00","dateModified":"2021-05-12T10:14:54+00:00","description":"\u0397 \u03ae\u03c0\u03b9\u03b1 \u03b1\u03c5\u03c4\u03ae \u03b8\u03b5\u03c1\u03b1\u03c0\u03b5\u03af\u03b1 \u03c3\u03c4\u03bf\u03c7\u03b5\u03cd\u03b5\u03b9 \u03c3\u03c4\u03b7\u03bd \u03b1\u03be\u03b9\u03bf\u03bb\u03cc\u03b3\u03b7\u03c3\u03b7 \u03ba\u03b1\u03b9 \u03c3\u03c4\u03b7 \u03b2\u03b5\u03bb\u03c4\u03af\u03c9\u03c3\u03b7 \u03c4\u03b7\u03c2 \u03bb\u03b5\u03b9\u03c4\u03bf\u03c5\u03c1\u03b3\u03af\u03b1\u03c2 \u03c4\u03bf\u03c5 \u03ba\u03c1\u03b1\u03bd\u03b9\u03bf\u03ca\u03b5\u03c1\u03bf\u03cd \u03c3\u03c5\u03c3\u03c4\u03ae\u03bc\u03b1\u03c4\u03bf\u03c2, \u03c4\u03bf \u03bf\u03c0\u03bf\u03af\u03bf \u03be\u03b5\u03ba\u03b9\u03bd\u03ac \u03b1\u03c0\u03cc \u03c4\u03bf \u03ba\u03c1\u03b1\u03bd\u03af\u03bf","breadcrumb":{"@id":"https:\/\/osteothess.gr\/de\/kranioieri-osteopathitiki\/#breadcrumb"},"inLanguage":"de","potentialAction":[{"@type":"ReadAction","target":["https:\/\/osteothess.gr\/de\/kranioieri-osteopathitiki\/"]}]},{"@type":"ImageObject","inLanguage":"de","@id":"https:\/\/osteothess.gr\/de\/kranioieri-osteopathitiki\/#primaryimage","url":"http:\/\/osteothess.gr\/wp-content\/uploads\/2021\/03\/kranio.jpg","contentUrl":"http:\/\/osteothess.gr\/wp-content\/uploads\/2021\/03\/kranio.jpg"},{"@type":"BreadcrumbList","@id":"https:\/\/osteothess.gr\/de\/kranioieri-osteopathitiki\/#breadcrumb","itemListElement":[{"@type":"ListItem","position":1,"name":"\u0391\u03c1\u03c7\u03b9\u03ba\u03ae","item":"https:\/\/osteothess.gr\/de\/"},{"@type":"ListItem","position":2,"name":"Craniosacral Osteopathie"}]},{"@type":"WebSite","@id":"https:\/\/osteothess.gr\/de\/#website","url":"https:\/\/osteothess.gr\/de\/","name":"\u039f\u03c3\u03c4\u03b5\u03bf\u03c0\u03b1\u03b8\u03b7\u03c4\u03b9\u03ba\u03cc\u03c2 \u0395\u03bb\u03b5\u03c5\u03b8\u03ad\u03c1\u03b9\u03bf\u03c2 \u039d\u03b1\u03c3\u03b9\u03cc\u03c0\u03bf\u03c5\u03bb\u03bf\u03c2","description":"\u039f\u03c3\u03c4\u03b5\u03bf\u03c0\u03b1\u03b8\u03b7\u03c4\u03b9\u03ba\u03ae \u03b1\u03b3\u03c9\u03b3\u03ae","potentialAction":[{"@type":"SearchAction","target":{"@type":"EntryPoint","urlTemplate":"https:\/\/osteothess.gr\/de\/?s={search_term_string}"},"query-input":{"@type":"PropertyValueSpecification","valueRequired":true,"valueName":"search_term_string"}}],"inLanguage":"de"}]}},"_links":{"self":[{"href":"https:\/\/osteothess.gr\/de\/wp-json\/wp\/v2\/pages\/1623","targetHints":{"allow":["GET"]}}],"collection":[{"href":"https:\/\/osteothess.gr\/de\/wp-json\/wp\/v2\/pages"}],"about":[{"href":"https:\/\/osteothess.gr\/de\/wp-json\/wp\/v2\/types\/page"}],"author":[{"embeddable":true,"href":"https:\/\/osteothess.gr\/de\/wp-json\/wp\/v2\/users\/1"}],"replies":[{"embeddable":true,"href":"https:\/\/osteothess.gr\/de\/wp-json\/wp\/v2\/comments?post=1623"}],"version-history":[{"count":4,"href":"https:\/\/osteothess.gr\/de\/wp-json\/wp\/v2\/pages\/1623\/revisions"}],"predecessor-version":[{"id":1676,"href":"https:\/\/osteothess.gr\/de\/wp-json\/wp\/v2\/pages\/1623\/revisions\/1676"}],"wp:attachment":[{"href":"https:\/\/osteothess.gr\/de\/wp-json\/wp\/v2\/media?parent=1623"}],"curies":[{"name":"wp","href":"https:\/\/api.w.org\/{rel}","templated":true}]}}