{"id":1627,"date":"2021-01-02T17:10:05","date_gmt":"2021-01-02T17:10:05","guid":{"rendered":"http:\/\/osteothess.gr\/splachniki-osteopathitiki\/"},"modified":"2021-05-12T10:13:35","modified_gmt":"2021-05-12T10:13:35","slug":"splachniki-osteopathitiki","status":"publish","type":"page","link":"https:\/\/osteothess.gr\/de\/splachniki-osteopathitiki\/","title":{"rendered":"Viszerale Osteopathie"},"content":{"rendered":"\t\t<div data-elementor-type=\"wp-page\" data-elementor-id=\"1627\" class=\"elementor elementor-1627 elementor-691\" data-elementor-post-type=\"page\">\n\t\t\t\t\t\t<section class=\"elementor-section elementor-top-section elementor-element elementor-element-56d4642b elementor-section-full_width qode_elementor_container_inner elementor-section-height-default elementor-section-height-default parallax_section_no\" data-id=\"56d4642b\" data-element_type=\"section\" data-e-type=\"section\">\n\t\t\t\t\t\t<div class=\"elementor-container elementor-column-gap-default\">\n\t\t\t\t\t<div class=\"elementor-column elementor-col-100 elementor-top-column elementor-element elementor-element-307e47f7\" data-id=\"307e47f7\" data-element_type=\"column\" data-e-type=\"column\">\n\t\t\t<div class=\"elementor-widget-wrap elementor-element-populated\">\n\t\t\t\t\t\t<div class=\"elementor-element elementor-element-2abbc421 elementor-widget elementor-widget-heading\" data-id=\"2abbc421\" data-element_type=\"widget\" data-e-type=\"widget\" data-widget_type=\"heading.default\">\n\t\t\t\t<div class=\"elementor-widget-container\">\n\t\t\t\t\t<h2 class=\"elementor-heading-title elementor-size-default\">Viszerale Osteopathie<\/h2>\t\t\t\t<\/div>\n\t\t\t\t<\/div>\n\t\t\t\t<div class=\"elementor-element elementor-element-289a74 elementor-widget elementor-widget-heading\" data-id=\"289a74\" data-element_type=\"widget\" data-e-type=\"widget\" data-widget_type=\"heading.default\">\n\t\t\t\t<div class=\"elementor-widget-container\">\n\t\t\t\t\t<h4 class=\"elementor-heading-title elementor-size-default\">Ihre inneren Organe sind das zweite Gehirn! <\/h4>\t\t\t\t<\/div>\n\t\t\t\t<\/div>\n\t\t\t\t\t<\/div>\n\t\t<\/div>\n\t\t\t\t\t<\/div>\n\t\t<\/section>\n\t\t\t\t<section class=\"elementor-section elementor-top-section elementor-element elementor-element-1c076424 elementor-section-boxed elementor-section-height-default elementor-section-height-default parallax_section_no qode_elementor_container_no\" data-id=\"1c076424\" data-element_type=\"section\" data-e-type=\"section\">\n\t\t\t\t\t\t<div class=\"elementor-container elementor-column-gap-default\">\n\t\t\t\t\t<div class=\"elementor-column elementor-col-66 elementor-top-column elementor-element elementor-element-32aa9890\" data-id=\"32aa9890\" data-element_type=\"column\" data-e-type=\"column\">\n\t\t\t<div class=\"elementor-widget-wrap elementor-element-populated\">\n\t\t\t\t\t\t<div class=\"elementor-element elementor-element-8768ba4 elementor-widget elementor-widget-image\" data-id=\"8768ba4\" data-element_type=\"widget\" data-e-type=\"widget\" data-widget_type=\"image.default\">\n\t\t\t\t<div class=\"elementor-widget-container\">\n\t\t\t\t\t\t\t\t\t\t\t\t\t\t\t<img fetchpriority=\"high\" decoding=\"async\" width=\"800\" height=\"534\" src=\"https:\/\/osteothess.gr\/wp-content\/uploads\/2021\/03\/splachniki2-Copy.jpg\" class=\"attachment-large size-large wp-image-1509\" alt=\"\" srcset=\"https:\/\/osteothess.gr\/wp-content\/uploads\/2021\/03\/splachniki2-Copy.jpg 800w, https:\/\/osteothess.gr\/wp-content\/uploads\/2021\/03\/splachniki2-Copy-300x200.jpg 300w, https:\/\/osteothess.gr\/wp-content\/uploads\/2021\/03\/splachniki2-Copy-768x513.jpg 768w, https:\/\/osteothess.gr\/wp-content\/uploads\/2021\/03\/splachniki2-Copy-700x467.jpg 700w\" sizes=\"(max-width: 800px) 100vw, 800px\" \/>\t\t\t\t\t\t\t\t\t\t\t\t\t\t\t<\/div>\n\t\t\t\t<\/div>\n\t\t\t\t<div class=\"elementor-element elementor-element-c6f78dd elementor-widget elementor-widget-text-editor\" data-id=\"c6f78dd\" data-element_type=\"widget\" data-e-type=\"widget\" data-widget_type=\"text-editor.default\">\n\t\t\t\t<div class=\"elementor-widget-container\">\n\t\t\t\t\t\t\t\t\t<p>Glauben Sie, dass Ihr Gehirn das einzige intelligente Organ Ihres K\u00f6rpers ist? Denken Sie nochmal dar\u00fcber nach! Ebenso wichtig sind Ihre inneren Organe, z.B. Ihre Eingeweide, das vereinzelt je ein eigenes emotionales Gehirn und ein Netzwerk von Neuronen hat und mit Ihrem Gehirn kommuniziert. Der Hintergrund ist, dass sie mit einem hochaktiven Netzwerk von Neuronen und Hormonen verbunden sind, welche mit ihrer Umgebung interagieren.<\/p><p>Die viszerale Osteopathie befasst sich unter anderem damit, wie unsere inneren Organe gleiten und miteinander interagieren oder abnormalen Druck auf benachbarte Strukturen unseres K\u00f6rpers aus\u00fcben und wie sie die richtigen Signale geben und die richtige Beweglichkeit der Organe wiederherstellen.<\/p><p>Die Anwendung der viszeralen Osteopathie in Kombination mit der strukturellen Osteopathie funktioniert sehr gut miteinander. Ziel ist die exakte Bewertung sowie die individuelle Behandlung des Problems.<br \/><br \/>Wenn Sie beispielsweise Bauchschmerzen haben, kann der Osteopath das Symptom behandeln, indem er die Wirbel einer Person manipuliert oder korrigiert. Wenn Ihr R\u00fccken schmerzt, liegt die Antwort m\u00f6glicherweise in Ihren Eingeweiden, da letztere mechanisch und neurologisch mit den Wirbeln verbunden sind.<br \/><br \/>Obwohl diese Behandlung bei Problemen im Zusammenhang mit Ihrem viszeralen System und Stress \u00e4u\u00dferst effektiv ist, ist die Wirkung nicht auf diesen Bereich beschr\u00e4nkt. Es tr\u00e4gt auch zum besseren Zustand Ihres Bewegungsapparates und zum allgemeinen Gesundheitszustand bei.<\/p>\t\t\t\t\t\t\t\t<\/div>\n\t\t\t\t<\/div>\n\t\t\t\t<div class=\"elementor-element elementor-element-7ea2c0e elementor-widget elementor-widget-image\" data-id=\"7ea2c0e\" data-element_type=\"widget\" data-e-type=\"widget\" data-widget_type=\"image.default\">\n\t\t\t\t<div class=\"elementor-widget-container\">\n\t\t\t\t\t\t\t\t\t\t\t\t\t\t\t<img decoding=\"async\" width=\"800\" height=\"534\" src=\"https:\/\/osteothess.gr\/wp-content\/uploads\/2021\/03\/splachniki3-Copy.jpg\" class=\"attachment-large size-large wp-image-1507\" alt=\"\" srcset=\"https:\/\/osteothess.gr\/wp-content\/uploads\/2021\/03\/splachniki3-Copy.jpg 800w, https:\/\/osteothess.gr\/wp-content\/uploads\/2021\/03\/splachniki3-Copy-300x200.jpg 300w, https:\/\/osteothess.gr\/wp-content\/uploads\/2021\/03\/splachniki3-Copy-768x513.jpg 768w, https:\/\/osteothess.gr\/wp-content\/uploads\/2021\/03\/splachniki3-Copy-700x467.jpg 700w\" sizes=\"(max-width: 800px) 100vw, 800px\" \/>\t\t\t\t\t\t\t\t\t\t\t\t\t\t\t<\/div>\n\t\t\t\t<\/div>\n\t\t\t\t\t<\/div>\n\t\t<\/div>\n\t\t\t\t<div class=\"elementor-column elementor-col-33 elementor-top-column elementor-element elementor-element-6f526631\" data-id=\"6f526631\" data-element_type=\"column\" data-e-type=\"column\">\n\t\t\t<div class=\"elementor-widget-wrap elementor-element-populated\">\n\t\t\t\t\t\t<div class=\"elementor-element elementor-element-6aae58dc elementor-widget elementor-widget-sidebar\" data-id=\"6aae58dc\" data-element_type=\"widget\" data-e-type=\"widget\" data-widget_type=\"sidebar.default\">\n\t\t\t\t<div class=\"elementor-widget-container\">\n\t\t\t\t\t<div id=\"nav_menu-4\" class=\"widget widget_nav_menu posts_holder\"><h5>BEHANDLUNG<\/h5><div class=\"menu-behandlung-container\"><ul id=\"menu-behandlung\" class=\"menu\"><li id=\"menu-item-1805\" class=\"menu-item menu-item-type-post_type menu-item-object-page menu-item-1805\"><a href=\"https:\/\/osteothess.gr\/de\/osteopathitiki-therapeia\/\">Osteopathie<\/a><\/li>\n<li id=\"menu-item-1806\" class=\"menu-item menu-item-type-post_type menu-item-object-page menu-item-1806\"><a href=\"https:\/\/osteothess.gr\/de\/domiki-osteopathitiki\/\">Strukturelle Osteopathie<\/a><\/li>\n<li id=\"menu-item-1807\" class=\"menu-item menu-item-type-post_type menu-item-object-page menu-item-1807\"><a href=\"https:\/\/osteothess.gr\/de\/splachniki-osteopathitiki\/\">Viszerale Osteopathie<\/a><\/li>\n<li id=\"menu-item-1808\" class=\"menu-item menu-item-type-post_type menu-item-object-page menu-item-1808\"><a href=\"https:\/\/osteothess.gr\/de\/kranioieri-osteopathitiki\/\">Craniosacral Osteopathie<\/a><\/li>\n<li id=\"menu-item-1809\" class=\"menu-item menu-item-type-post_type menu-item-object-page menu-item-1809\"><a href=\"https:\/\/osteothess.gr\/de\/peritoniaki-malaxi\/\">Reflexzonenmassage<\/a><\/li>\n<li id=\"menu-item-1810\" class=\"menu-item menu-item-type-post_type menu-item-object-page menu-item-1810\"><a href=\"https:\/\/osteothess.gr\/de\/trigger-point-massage\/\">Trigger Point Massage<\/a><\/li>\n<li id=\"menu-item-1811\" class=\"menu-item menu-item-type-post_type menu-item-object-page menu-item-1811\"><a href=\"https:\/\/osteothess.gr\/de\/lemfiki-malaxi\/\">Lymphdrainage<\/a><\/li>\n<li id=\"menu-item-1812\" class=\"menu-item menu-item-type-post_type menu-item-object-page menu-item-1812\"><a href=\"https:\/\/osteothess.gr\/de\/oto-velonismos\/\">Ohrakupunktur<\/a><\/li>\n<li id=\"menu-item-1813\" class=\"menu-item menu-item-type-post_type menu-item-object-page menu-item-1813\"><a href=\"https:\/\/osteothess.gr\/de\/ventouzes-therapeia\/\">Schr\u00f6pftherapie<\/a><\/li>\n<\/ul><\/div><\/div><div class=\"widget qode_button_widget\"><a  itemprop=\"url\" href=\"http:\/\/osteothess.gr\/de\/epikoinonia\/\" target=\"_self\" data-hover-background-color=\"#708573\" data-hover-color=\"#f7f0ea\" class=\"qbutton  default\" style=\"color: #f7f0ea; background-color:#708573;\">BUCHEN SIE JETZT<\/a><\/div><div id=\"search-5\" class=\"widget widget_search posts_holder\"><h5>Suche<\/h5><form role=\"search\" method=\"get\" id=\"searchform\" action=\"https:\/\/osteothess.gr\/de\/\">\n    <div><label class=\"screen-reader-text\" for=\"s\">Search for:<\/label>\n        <input type=\"text\" value=\"\" placeholder=\"Search Here\" name=\"s\" id=\"s\" \/>\n        <input type=\"submit\" id=\"searchsubmit\" value=\"&#xf002\" \/>\n    <\/div>\n<\/form><\/div>\t\t\t\t<\/div>\n\t\t\t\t<\/div>\n\t\t\t\t\t<\/div>\n\t\t<\/div>\n\t\t\t\t\t<\/div>\n\t\t<\/section>\n\t\t\t\t<\/div>\n\t\t","protected":false},"excerpt":{"rendered":"<p>Viszerale Osteopathie Ihre inneren Organe sind das zweite Gehirn! Glauben Sie, dass Ihr Gehirn das einzige intelligente Organ Ihres K\u00f6rpers ist? Denken Sie nochmal dar\u00fcber nach! Ebenso wichtig sind Ihre inneren Organe, z.B. Ihre Eingeweide, das vereinzelt je ein eigenes emotionales Gehirn und ein Netzwerk&#8230;<\/p>\n","protected":false},"author":1,"featured_media":0,"parent":0,"menu_order":0,"comment_status":"closed","ping_status":"closed","template":"","meta":{"footnotes":""},"class_list":["post-1627","page","type-page","status-publish","hentry"],"yoast_head":"<!-- This site is optimized with the Yoast SEO plugin v27.1.1 - https:\/\/yoast.com\/product\/yoast-seo-wordpress\/ -->\n<title>Viszerale Osteopathie - \u039f\u03c3\u03c4\u03b5\u03bf\u03c0\u03b1\u03b8\u03b7\u03c4\u03b9\u03ba\u03cc\u03c2 \u0395\u03bb\u03b5\u03c5\u03b8\u03ad\u03c1\u03b9\u03bf\u03c2 \u039d\u03b1\u03c3\u03b9\u03cc\u03c0\u03bf\u03c5\u03bb\u03bf\u03c2<\/title>\n<meta name=\"description\" content=\"\u0397 \u03c3\u03c0\u03bb\u03b1\u03c7\u03bd\u03b9\u03ba\u03ae \u03bf\u03c3\u03c4\u03b5\u03bf\u03c0\u03b1\u03b8\u03b7\u03c4\u03b9\u03ba\u03ae \u03b8\u03b5\u03c1\u03b1\u03c0\u03b5\u03af\u03b1 \u03b1\u03c3\u03c7\u03bf\u03bb\u03b5\u03af\u03c4\u03b1\u03b9, \u03b1\u03bd\u03ac\u03bc\u03b5\u03c3\u03b1 \u03c3\u03c4\u03b1 \u03ac\u03bb\u03bb\u03b1, \u03bc\u03b5 \u03c4\u03bf \u03c0\u03ce\u03c2 \u03c4\u03b1 \u03b5\u03c3\u03c9\u03c4\u03b5\u03c1\u03b9\u03ba\u03ac \u03bc\u03b1\u03c2 \u03cc\u03c1\u03b3\u03b1\u03bd\u03b1 \u03bf\u03bb\u03b9\u03c3\u03b8\u03b1\u03af\u03bd\u03bf\u03c5\u03bd \u03ba\u03b1\u03b9 \u03b1\u03bb\u03bb\u03b7\u03bb\u03b5\u03c0\u03b9\u03b4\u03c1\u03bf\u03cd\u03bd \u03bc\u03b5\u03c4\u03b1\u03be\u03cd \u03c4\u03bf\u03c5\u03c2\" \/>\n<meta name=\"robots\" content=\"index, follow, max-snippet:-1, max-image-preview:large, max-video-preview:-1\" \/>\n<link rel=\"canonical\" href=\"https:\/\/osteothess.gr\/de\/splachniki-osteopathitiki\/\" \/>\n<meta property=\"og:locale\" content=\"de_DE\" \/>\n<meta property=\"og:type\" content=\"article\" \/>\n<meta property=\"og:title\" content=\"Viszerale Osteopathie - \u039f\u03c3\u03c4\u03b5\u03bf\u03c0\u03b1\u03b8\u03b7\u03c4\u03b9\u03ba\u03cc\u03c2 \u0395\u03bb\u03b5\u03c5\u03b8\u03ad\u03c1\u03b9\u03bf\u03c2 \u039d\u03b1\u03c3\u03b9\u03cc\u03c0\u03bf\u03c5\u03bb\u03bf\u03c2\" \/>\n<meta property=\"og:description\" content=\"\u0397 \u03c3\u03c0\u03bb\u03b1\u03c7\u03bd\u03b9\u03ba\u03ae \u03bf\u03c3\u03c4\u03b5\u03bf\u03c0\u03b1\u03b8\u03b7\u03c4\u03b9\u03ba\u03ae \u03b8\u03b5\u03c1\u03b1\u03c0\u03b5\u03af\u03b1 \u03b1\u03c3\u03c7\u03bf\u03bb\u03b5\u03af\u03c4\u03b1\u03b9, \u03b1\u03bd\u03ac\u03bc\u03b5\u03c3\u03b1 \u03c3\u03c4\u03b1 \u03ac\u03bb\u03bb\u03b1, \u03bc\u03b5 \u03c4\u03bf \u03c0\u03ce\u03c2 \u03c4\u03b1 \u03b5\u03c3\u03c9\u03c4\u03b5\u03c1\u03b9\u03ba\u03ac \u03bc\u03b1\u03c2 \u03cc\u03c1\u03b3\u03b1\u03bd\u03b1 \u03bf\u03bb\u03b9\u03c3\u03b8\u03b1\u03af\u03bd\u03bf\u03c5\u03bd \u03ba\u03b1\u03b9 \u03b1\u03bb\u03bb\u03b7\u03bb\u03b5\u03c0\u03b9\u03b4\u03c1\u03bf\u03cd\u03bd \u03bc\u03b5\u03c4\u03b1\u03be\u03cd \u03c4\u03bf\u03c5\u03c2\" \/>\n<meta property=\"og:url\" content=\"https:\/\/osteothess.gr\/de\/splachniki-osteopathitiki\/\" \/>\n<meta property=\"og:site_name\" content=\"\u039f\u03c3\u03c4\u03b5\u03bf\u03c0\u03b1\u03b8\u03b7\u03c4\u03b9\u03ba\u03cc\u03c2 \u0395\u03bb\u03b5\u03c5\u03b8\u03ad\u03c1\u03b9\u03bf\u03c2 \u039d\u03b1\u03c3\u03b9\u03cc\u03c0\u03bf\u03c5\u03bb\u03bf\u03c2\" \/>\n<meta property=\"article:modified_time\" content=\"2021-05-12T10:13:35+00:00\" \/>\n<meta property=\"og:image\" content=\"http:\/\/osteothess.gr\/wp-content\/uploads\/2021\/03\/splachniki2-Copy.jpg\" \/>\n<meta name=\"twitter:card\" content=\"summary_large_image\" \/>\n<meta name=\"twitter:label1\" content=\"Gesch\u00e4tzte Lesezeit\" \/>\n\t<meta name=\"twitter:data1\" content=\"2\u00a0Minuten\" \/>\n<script type=\"application\/ld+json\" class=\"yoast-schema-graph\">{\"@context\":\"https:\/\/schema.org\",\"@graph\":[{\"@type\":\"WebPage\",\"@id\":\"https:\/\/osteothess.gr\/de\/splachniki-osteopathitiki\/\",\"url\":\"https:\/\/osteothess.gr\/de\/splachniki-osteopathitiki\/\",\"name\":\"Viszerale Osteopathie - \u039f\u03c3\u03c4\u03b5\u03bf\u03c0\u03b1\u03b8\u03b7\u03c4\u03b9\u03ba\u03cc\u03c2 \u0395\u03bb\u03b5\u03c5\u03b8\u03ad\u03c1\u03b9\u03bf\u03c2 \u039d\u03b1\u03c3\u03b9\u03cc\u03c0\u03bf\u03c5\u03bb\u03bf\u03c2\",\"isPartOf\":{\"@id\":\"https:\/\/osteothess.gr\/de\/#website\"},\"primaryImageOfPage\":{\"@id\":\"https:\/\/osteothess.gr\/de\/splachniki-osteopathitiki\/#primaryimage\"},\"image\":{\"@id\":\"https:\/\/osteothess.gr\/de\/splachniki-osteopathitiki\/#primaryimage\"},\"thumbnailUrl\":\"http:\/\/osteothess.gr\/wp-content\/uploads\/2021\/03\/splachniki2-Copy.jpg\",\"datePublished\":\"2021-01-02T17:10:05+00:00\",\"dateModified\":\"2021-05-12T10:13:35+00:00\",\"description\":\"\u0397 \u03c3\u03c0\u03bb\u03b1\u03c7\u03bd\u03b9\u03ba\u03ae \u03bf\u03c3\u03c4\u03b5\u03bf\u03c0\u03b1\u03b8\u03b7\u03c4\u03b9\u03ba\u03ae \u03b8\u03b5\u03c1\u03b1\u03c0\u03b5\u03af\u03b1 \u03b1\u03c3\u03c7\u03bf\u03bb\u03b5\u03af\u03c4\u03b1\u03b9, \u03b1\u03bd\u03ac\u03bc\u03b5\u03c3\u03b1 \u03c3\u03c4\u03b1 \u03ac\u03bb\u03bb\u03b1, \u03bc\u03b5 \u03c4\u03bf \u03c0\u03ce\u03c2 \u03c4\u03b1 \u03b5\u03c3\u03c9\u03c4\u03b5\u03c1\u03b9\u03ba\u03ac \u03bc\u03b1\u03c2 \u03cc\u03c1\u03b3\u03b1\u03bd\u03b1 \u03bf\u03bb\u03b9\u03c3\u03b8\u03b1\u03af\u03bd\u03bf\u03c5\u03bd \u03ba\u03b1\u03b9 \u03b1\u03bb\u03bb\u03b7\u03bb\u03b5\u03c0\u03b9\u03b4\u03c1\u03bf\u03cd\u03bd \u03bc\u03b5\u03c4\u03b1\u03be\u03cd \u03c4\u03bf\u03c5\u03c2\",\"breadcrumb\":{\"@id\":\"https:\/\/osteothess.gr\/de\/splachniki-osteopathitiki\/#breadcrumb\"},\"inLanguage\":\"de\",\"potentialAction\":[{\"@type\":\"ReadAction\",\"target\":[\"https:\/\/osteothess.gr\/de\/splachniki-osteopathitiki\/\"]}]},{\"@type\":\"ImageObject\",\"inLanguage\":\"de\",\"@id\":\"https:\/\/osteothess.gr\/de\/splachniki-osteopathitiki\/#primaryimage\",\"url\":\"http:\/\/osteothess.gr\/wp-content\/uploads\/2021\/03\/splachniki2-Copy.jpg\",\"contentUrl\":\"http:\/\/osteothess.gr\/wp-content\/uploads\/2021\/03\/splachniki2-Copy.jpg\"},{\"@type\":\"BreadcrumbList\",\"@id\":\"https:\/\/osteothess.gr\/de\/splachniki-osteopathitiki\/#breadcrumb\",\"itemListElement\":[{\"@type\":\"ListItem\",\"position\":1,\"name\":\"\u0391\u03c1\u03c7\u03b9\u03ba\u03ae\",\"item\":\"https:\/\/osteothess.gr\/de\/\"},{\"@type\":\"ListItem\",\"position\":2,\"name\":\"Viszerale Osteopathie\"}]},{\"@type\":\"WebSite\",\"@id\":\"https:\/\/osteothess.gr\/de\/#website\",\"url\":\"https:\/\/osteothess.gr\/de\/\",\"name\":\"\u039f\u03c3\u03c4\u03b5\u03bf\u03c0\u03b1\u03b8\u03b7\u03c4\u03b9\u03ba\u03cc\u03c2 \u0395\u03bb\u03b5\u03c5\u03b8\u03ad\u03c1\u03b9\u03bf\u03c2 \u039d\u03b1\u03c3\u03b9\u03cc\u03c0\u03bf\u03c5\u03bb\u03bf\u03c2\",\"description\":\"\u039f\u03c3\u03c4\u03b5\u03bf\u03c0\u03b1\u03b8\u03b7\u03c4\u03b9\u03ba\u03ae \u03b1\u03b3\u03c9\u03b3\u03ae\",\"potentialAction\":[{\"@type\":\"SearchAction\",\"target\":{\"@type\":\"EntryPoint\",\"urlTemplate\":\"https:\/\/osteothess.gr\/de\/?s={search_term_string}\"},\"query-input\":{\"@type\":\"PropertyValueSpecification\",\"valueRequired\":true,\"valueName\":\"search_term_string\"}}],\"inLanguage\":\"de\"}]}<\/script>\n<!-- \/ Yoast SEO plugin. -->","yoast_head_json":{"title":"Viszerale Osteopathie - \u039f\u03c3\u03c4\u03b5\u03bf\u03c0\u03b1\u03b8\u03b7\u03c4\u03b9\u03ba\u03cc\u03c2 \u0395\u03bb\u03b5\u03c5\u03b8\u03ad\u03c1\u03b9\u03bf\u03c2 \u039d\u03b1\u03c3\u03b9\u03cc\u03c0\u03bf\u03c5\u03bb\u03bf\u03c2","description":"\u0397 \u03c3\u03c0\u03bb\u03b1\u03c7\u03bd\u03b9\u03ba\u03ae \u03bf\u03c3\u03c4\u03b5\u03bf\u03c0\u03b1\u03b8\u03b7\u03c4\u03b9\u03ba\u03ae \u03b8\u03b5\u03c1\u03b1\u03c0\u03b5\u03af\u03b1 \u03b1\u03c3\u03c7\u03bf\u03bb\u03b5\u03af\u03c4\u03b1\u03b9, \u03b1\u03bd\u03ac\u03bc\u03b5\u03c3\u03b1 \u03c3\u03c4\u03b1 \u03ac\u03bb\u03bb\u03b1, \u03bc\u03b5 \u03c4\u03bf \u03c0\u03ce\u03c2 \u03c4\u03b1 \u03b5\u03c3\u03c9\u03c4\u03b5\u03c1\u03b9\u03ba\u03ac \u03bc\u03b1\u03c2 \u03cc\u03c1\u03b3\u03b1\u03bd\u03b1 \u03bf\u03bb\u03b9\u03c3\u03b8\u03b1\u03af\u03bd\u03bf\u03c5\u03bd \u03ba\u03b1\u03b9 \u03b1\u03bb\u03bb\u03b7\u03bb\u03b5\u03c0\u03b9\u03b4\u03c1\u03bf\u03cd\u03bd \u03bc\u03b5\u03c4\u03b1\u03be\u03cd \u03c4\u03bf\u03c5\u03c2","robots":{"index":"index","follow":"follow","max-snippet":"max-snippet:-1","max-image-preview":"max-image-preview:large","max-video-preview":"max-video-preview:-1"},"canonical":"https:\/\/osteothess.gr\/de\/splachniki-osteopathitiki\/","og_locale":"de_DE","og_type":"article","og_title":"Viszerale Osteopathie - \u039f\u03c3\u03c4\u03b5\u03bf\u03c0\u03b1\u03b8\u03b7\u03c4\u03b9\u03ba\u03cc\u03c2 \u0395\u03bb\u03b5\u03c5\u03b8\u03ad\u03c1\u03b9\u03bf\u03c2 \u039d\u03b1\u03c3\u03b9\u03cc\u03c0\u03bf\u03c5\u03bb\u03bf\u03c2","og_description":"\u0397 \u03c3\u03c0\u03bb\u03b1\u03c7\u03bd\u03b9\u03ba\u03ae \u03bf\u03c3\u03c4\u03b5\u03bf\u03c0\u03b1\u03b8\u03b7\u03c4\u03b9\u03ba\u03ae \u03b8\u03b5\u03c1\u03b1\u03c0\u03b5\u03af\u03b1 \u03b1\u03c3\u03c7\u03bf\u03bb\u03b5\u03af\u03c4\u03b1\u03b9, \u03b1\u03bd\u03ac\u03bc\u03b5\u03c3\u03b1 \u03c3\u03c4\u03b1 \u03ac\u03bb\u03bb\u03b1, \u03bc\u03b5 \u03c4\u03bf \u03c0\u03ce\u03c2 \u03c4\u03b1 \u03b5\u03c3\u03c9\u03c4\u03b5\u03c1\u03b9\u03ba\u03ac \u03bc\u03b1\u03c2 \u03cc\u03c1\u03b3\u03b1\u03bd\u03b1 \u03bf\u03bb\u03b9\u03c3\u03b8\u03b1\u03af\u03bd\u03bf\u03c5\u03bd \u03ba\u03b1\u03b9 \u03b1\u03bb\u03bb\u03b7\u03bb\u03b5\u03c0\u03b9\u03b4\u03c1\u03bf\u03cd\u03bd \u03bc\u03b5\u03c4\u03b1\u03be\u03cd \u03c4\u03bf\u03c5\u03c2","og_url":"https:\/\/osteothess.gr\/de\/splachniki-osteopathitiki\/","og_site_name":"\u039f\u03c3\u03c4\u03b5\u03bf\u03c0\u03b1\u03b8\u03b7\u03c4\u03b9\u03ba\u03cc\u03c2 \u0395\u03bb\u03b5\u03c5\u03b8\u03ad\u03c1\u03b9\u03bf\u03c2 \u039d\u03b1\u03c3\u03b9\u03cc\u03c0\u03bf\u03c5\u03bb\u03bf\u03c2","article_modified_time":"2021-05-12T10:13:35+00:00","og_image":[{"url":"http:\/\/osteothess.gr\/wp-content\/uploads\/2021\/03\/splachniki2-Copy.jpg","type":"","width":"","height":""}],"twitter_card":"summary_large_image","twitter_misc":{"Gesch\u00e4tzte Lesezeit":"2\u00a0Minuten"},"schema":{"@context":"https:\/\/schema.org","@graph":[{"@type":"WebPage","@id":"https:\/\/osteothess.gr\/de\/splachniki-osteopathitiki\/","url":"https:\/\/osteothess.gr\/de\/splachniki-osteopathitiki\/","name":"Viszerale Osteopathie - \u039f\u03c3\u03c4\u03b5\u03bf\u03c0\u03b1\u03b8\u03b7\u03c4\u03b9\u03ba\u03cc\u03c2 \u0395\u03bb\u03b5\u03c5\u03b8\u03ad\u03c1\u03b9\u03bf\u03c2 \u039d\u03b1\u03c3\u03b9\u03cc\u03c0\u03bf\u03c5\u03bb\u03bf\u03c2","isPartOf":{"@id":"https:\/\/osteothess.gr\/de\/#website"},"primaryImageOfPage":{"@id":"https:\/\/osteothess.gr\/de\/splachniki-osteopathitiki\/#primaryimage"},"image":{"@id":"https:\/\/osteothess.gr\/de\/splachniki-osteopathitiki\/#primaryimage"},"thumbnailUrl":"http:\/\/osteothess.gr\/wp-content\/uploads\/2021\/03\/splachniki2-Copy.jpg","datePublished":"2021-01-02T17:10:05+00:00","dateModified":"2021-05-12T10:13:35+00:00","description":"\u0397 \u03c3\u03c0\u03bb\u03b1\u03c7\u03bd\u03b9\u03ba\u03ae \u03bf\u03c3\u03c4\u03b5\u03bf\u03c0\u03b1\u03b8\u03b7\u03c4\u03b9\u03ba\u03ae \u03b8\u03b5\u03c1\u03b1\u03c0\u03b5\u03af\u03b1 \u03b1\u03c3\u03c7\u03bf\u03bb\u03b5\u03af\u03c4\u03b1\u03b9, \u03b1\u03bd\u03ac\u03bc\u03b5\u03c3\u03b1 \u03c3\u03c4\u03b1 \u03ac\u03bb\u03bb\u03b1, \u03bc\u03b5 \u03c4\u03bf \u03c0\u03ce\u03c2 \u03c4\u03b1 \u03b5\u03c3\u03c9\u03c4\u03b5\u03c1\u03b9\u03ba\u03ac \u03bc\u03b1\u03c2 \u03cc\u03c1\u03b3\u03b1\u03bd\u03b1 \u03bf\u03bb\u03b9\u03c3\u03b8\u03b1\u03af\u03bd\u03bf\u03c5\u03bd \u03ba\u03b1\u03b9 \u03b1\u03bb\u03bb\u03b7\u03bb\u03b5\u03c0\u03b9\u03b4\u03c1\u03bf\u03cd\u03bd \u03bc\u03b5\u03c4\u03b1\u03be\u03cd \u03c4\u03bf\u03c5\u03c2","breadcrumb":{"@id":"https:\/\/osteothess.gr\/de\/splachniki-osteopathitiki\/#breadcrumb"},"inLanguage":"de","potentialAction":[{"@type":"ReadAction","target":["https:\/\/osteothess.gr\/de\/splachniki-osteopathitiki\/"]}]},{"@type":"ImageObject","inLanguage":"de","@id":"https:\/\/osteothess.gr\/de\/splachniki-osteopathitiki\/#primaryimage","url":"http:\/\/osteothess.gr\/wp-content\/uploads\/2021\/03\/splachniki2-Copy.jpg","contentUrl":"http:\/\/osteothess.gr\/wp-content\/uploads\/2021\/03\/splachniki2-Copy.jpg"},{"@type":"BreadcrumbList","@id":"https:\/\/osteothess.gr\/de\/splachniki-osteopathitiki\/#breadcrumb","itemListElement":[{"@type":"ListItem","position":1,"name":"\u0391\u03c1\u03c7\u03b9\u03ba\u03ae","item":"https:\/\/osteothess.gr\/de\/"},{"@type":"ListItem","position":2,"name":"Viszerale Osteopathie"}]},{"@type":"WebSite","@id":"https:\/\/osteothess.gr\/de\/#website","url":"https:\/\/osteothess.gr\/de\/","name":"\u039f\u03c3\u03c4\u03b5\u03bf\u03c0\u03b1\u03b8\u03b7\u03c4\u03b9\u03ba\u03cc\u03c2 \u0395\u03bb\u03b5\u03c5\u03b8\u03ad\u03c1\u03b9\u03bf\u03c2 \u039d\u03b1\u03c3\u03b9\u03cc\u03c0\u03bf\u03c5\u03bb\u03bf\u03c2","description":"\u039f\u03c3\u03c4\u03b5\u03bf\u03c0\u03b1\u03b8\u03b7\u03c4\u03b9\u03ba\u03ae \u03b1\u03b3\u03c9\u03b3\u03ae","potentialAction":[{"@type":"SearchAction","target":{"@type":"EntryPoint","urlTemplate":"https:\/\/osteothess.gr\/de\/?s={search_term_string}"},"query-input":{"@type":"PropertyValueSpecification","valueRequired":true,"valueName":"search_term_string"}}],"inLanguage":"de"}]}},"_links":{"self":[{"href":"https:\/\/osteothess.gr\/de\/wp-json\/wp\/v2\/pages\/1627","targetHints":{"allow":["GET"]}}],"collection":[{"href":"https:\/\/osteothess.gr\/de\/wp-json\/wp\/v2\/pages"}],"about":[{"href":"https:\/\/osteothess.gr\/de\/wp-json\/wp\/v2\/types\/page"}],"author":[{"embeddable":true,"href":"https:\/\/osteothess.gr\/de\/wp-json\/wp\/v2\/users\/1"}],"replies":[{"embeddable":true,"href":"https:\/\/osteothess.gr\/de\/wp-json\/wp\/v2\/comments?post=1627"}],"version-history":[{"count":4,"href":"https:\/\/osteothess.gr\/de\/wp-json\/wp\/v2\/pages\/1627\/revisions"}],"predecessor-version":[{"id":1674,"href":"https:\/\/osteothess.gr\/de\/wp-json\/wp\/v2\/pages\/1627\/revisions\/1674"}],"wp:attachment":[{"href":"https:\/\/osteothess.gr\/de\/wp-json\/wp\/v2\/media?parent=1627"}],"curies":[{"name":"wp","href":"https:\/\/api.w.org\/{rel}","templated":true}]}}