{"id":1631,"date":"2021-01-02T17:06:52","date_gmt":"2021-01-02T17:06:52","guid":{"rendered":"http:\/\/osteothess.gr\/domiki-osteopathitiki\/"},"modified":"2021-05-12T10:12:08","modified_gmt":"2021-05-12T10:12:08","slug":"domiki-osteopathitiki","status":"publish","type":"page","link":"https:\/\/osteothess.gr\/de\/domiki-osteopathitiki\/","title":{"rendered":"Strukturelle Osteopathie"},"content":{"rendered":"\t\t<div data-elementor-type=\"wp-page\" data-elementor-id=\"1631\" class=\"elementor elementor-1631 elementor-683\" data-elementor-post-type=\"page\">\n\t\t\t\t\t\t<section class=\"elementor-section elementor-top-section elementor-element elementor-element-56d4642b elementor-section-full_width qode_elementor_container_inner elementor-section-height-default elementor-section-height-default parallax_section_no\" data-id=\"56d4642b\" data-element_type=\"section\" data-e-type=\"section\">\n\t\t\t\t\t\t<div class=\"elementor-container elementor-column-gap-default\">\n\t\t\t\t\t<div class=\"elementor-column elementor-col-100 elementor-top-column elementor-element elementor-element-307e47f7\" data-id=\"307e47f7\" data-element_type=\"column\" data-e-type=\"column\">\n\t\t\t<div class=\"elementor-widget-wrap elementor-element-populated\">\n\t\t\t\t\t\t<div class=\"elementor-element elementor-element-2abbc421 elementor-widget elementor-widget-heading\" data-id=\"2abbc421\" data-element_type=\"widget\" data-e-type=\"widget\" data-widget_type=\"heading.default\">\n\t\t\t\t<div class=\"elementor-widget-container\">\n\t\t\t\t\t<h2 class=\"elementor-heading-title elementor-size-default\">Strukturelle Osteopathie<\/h2>\t\t\t\t<\/div>\n\t\t\t\t<\/div>\n\t\t\t\t<div class=\"elementor-element elementor-element-289a74 elementor-widget elementor-widget-heading\" data-id=\"289a74\" data-element_type=\"widget\" data-e-type=\"widget\" data-widget_type=\"heading.default\">\n\t\t\t\t<div class=\"elementor-widget-container\">\n\t\t\t\t\t<h4 class=\"elementor-heading-title elementor-size-default\">Dein K\u00f6rper ist eine wundervolle Maschine!<\/h4>\t\t\t\t<\/div>\n\t\t\t\t<\/div>\n\t\t\t\t\t<\/div>\n\t\t<\/div>\n\t\t\t\t\t<\/div>\n\t\t<\/section>\n\t\t\t\t<section class=\"elementor-section elementor-top-section elementor-element elementor-element-e170bb7 elementor-section-boxed elementor-section-height-default elementor-section-height-default parallax_section_no qode_elementor_container_no\" data-id=\"e170bb7\" data-element_type=\"section\" data-e-type=\"section\">\n\t\t\t\t\t\t<div class=\"elementor-container elementor-column-gap-default\">\n\t\t\t\t\t<div class=\"elementor-column elementor-col-66 elementor-top-column elementor-element elementor-element-2f55317\" data-id=\"2f55317\" data-element_type=\"column\" data-e-type=\"column\">\n\t\t\t<div class=\"elementor-widget-wrap elementor-element-populated\">\n\t\t\t\t\t\t<div class=\"elementor-element elementor-element-751a8ed elementor-widget elementor-widget-text-editor\" data-id=\"751a8ed\" data-element_type=\"widget\" data-e-type=\"widget\" data-widget_type=\"text-editor.default\">\n\t\t\t\t<div class=\"elementor-widget-container\">\n\t\t\t\t\t\t\t\t\t<p style=\"text-align: justify;\"><strong>Eine strukturelle<\/strong> Osteopathiesche Behandlung kann Ihr Leiden verhindern. Ihr Ziel ist es, die mechanischen Elemente des K\u00f6rpers zu untersuchen, um die Ursache des Leidens zu bestimmen. Durch die Untersuchung des Bewegungsapparates identifiziert der Osteopath die k\u00f6rperlichen Bed\u00fcrfnisse und reagiert auf Probleme, die entweder auf chronische Fehlfunktionen oder Erkrankungen zur\u00fcckzuf\u00fchren sind oder das Ergebnis gelegentlicher Verletzungen sein k\u00f6nnen.<\/p>\t\t\t\t\t\t\t\t<\/div>\n\t\t\t\t<\/div>\n\t\t\t\t<div class=\"elementor-element elementor-element-8768ba4 elementor-widget elementor-widget-image\" data-id=\"8768ba4\" data-element_type=\"widget\" data-e-type=\"widget\" data-widget_type=\"image.default\">\n\t\t\t\t<div class=\"elementor-widget-container\">\n\t\t\t\t\t\t\t\t\t\t\t\t\t\t\t<img fetchpriority=\"high\" decoding=\"async\" width=\"900\" height=\"601\" src=\"https:\/\/osteothess.gr\/wp-content\/uploads\/2021\/01\/tr3.jpg\" class=\"attachment-large size-large wp-image-1444\" alt=\"\" srcset=\"https:\/\/osteothess.gr\/wp-content\/uploads\/2021\/01\/tr3.jpg 900w, https:\/\/osteothess.gr\/wp-content\/uploads\/2021\/01\/tr3-300x200.jpg 300w, https:\/\/osteothess.gr\/wp-content\/uploads\/2021\/01\/tr3-768x513.jpg 768w, https:\/\/osteothess.gr\/wp-content\/uploads\/2021\/01\/tr3-700x467.jpg 700w\" sizes=\"(max-width: 900px) 100vw, 900px\" \/>\t\t\t\t\t\t\t\t\t\t\t\t\t\t\t<\/div>\n\t\t\t\t<\/div>\n\t\t\t\t<div class=\"elementor-element elementor-element-c6f78dd elementor-widget elementor-widget-text-editor\" data-id=\"c6f78dd\" data-element_type=\"widget\" data-e-type=\"widget\" data-widget_type=\"text-editor.default\">\n\t\t\t\t<div class=\"elementor-widget-container\">\n\t\t\t\t\t\t\t\t\t<p style=\"text-align: justify;\">Schon gewusst? Pro Jahr l\u00e4uft eine Person im Durchschnitt etwa sechs Millionen Schritte. Unser K\u00f6rper ist eine wunderbare Maschine \u2013 so konstruiert sich zu bewegen! Wie jede Maschine muss sie st\u00e4ndig gewartet und repariert werden, da sie nat\u00fcrlichen Verschlei\u00df oder Sch\u00e4den aufweist, die sich im Laufe der Zeit verschlimmern k\u00f6nnen. Wenn ein mechanisches Element des K\u00f6rpers (Knochen, Gelenk oder Muskel) versagt, k\u00f6nnen sich dadurch unangenehme Entz\u00fcndungen entwickeln.<\/p>\t\t\t\t\t\t\t\t<\/div>\n\t\t\t\t<\/div>\n\t\t\t\t<div class=\"elementor-element elementor-element-2d7489f elementor-widget elementor-widget-text-editor\" data-id=\"2d7489f\" data-element_type=\"widget\" data-e-type=\"widget\" data-widget_type=\"text-editor.default\">\n\t\t\t\t<div class=\"elementor-widget-container\">\n\t\t\t\t\t\t\t\t\t<p style=\"text-align: justify;\">W\u00e4hrend der Untersuchung, pr\u00fcft der Osteopath die Gelenke anatomisch, um ihre Form, Bewegung und Beweglichkeit zu verstehen sowie die Statik des K\u00f6rpers zu beurteilen. Mit dieser Vorgehensweise entscheidet er, welche Art von Druck, Einrenkungen, Dehnungen er an diversen Stellen aus\u00fcben wird.<br \/>Durch die Einrenkungen &#8211; Mobilisierung der Wirbels\u00e4ule und den verschiedenen Gelenken die in Ataxie sich befinden, und durch die Massage des Gewebes stellt der Osteopath so viele mechanische Probleme des K\u00f6rpers so gut wie m\u00f6glich wieder her und st\u00e4rkt &#8211; f\u00f6rdert seinen Abwehrmechanismus und seine Selbstheilung. <br \/>Die strukturelle Osteopathie verwendet je nach Fall mehr oder weniger invasive Manipulationen und ist f\u00fcr Patienten geeignet, die an Erkrankungen des Bewegungsapparates leiden (Gelenk-, Muskel-, Bandprobleme, Starrheit, HWS-BWS-LWS Syndrome, ISG Schmerzen, Ischias schmerzen, Schulter Schmerzen, H\u00fcftschmerzen, Knieschmerzen, statische Probleme, Stabilit\u00e4tsprobleme oder Bruxismus etc). chronische rheumatische Erkrankungen, neuromuskul\u00e4re Erkrankungen. und chronische Gesundheitsprobleme. <\/p>\t\t\t\t\t\t\t\t<\/div>\n\t\t\t\t<\/div>\n\t\t\t\t<div class=\"elementor-element elementor-element-7ea2c0e elementor-widget elementor-widget-image\" data-id=\"7ea2c0e\" data-element_type=\"widget\" data-e-type=\"widget\" data-widget_type=\"image.default\">\n\t\t\t\t<div class=\"elementor-widget-container\">\n\t\t\t\t\t\t\t\t\t\t\t\t\t\t\t<img decoding=\"async\" width=\"900\" height=\"601\" src=\"https:\/\/osteothess.gr\/wp-content\/uploads\/2021\/01\/tr2.jpg\" class=\"attachment-large size-large wp-image-1440\" alt=\"\" srcset=\"https:\/\/osteothess.gr\/wp-content\/uploads\/2021\/01\/tr2.jpg 900w, https:\/\/osteothess.gr\/wp-content\/uploads\/2021\/01\/tr2-300x200.jpg 300w, https:\/\/osteothess.gr\/wp-content\/uploads\/2021\/01\/tr2-768x513.jpg 768w, https:\/\/osteothess.gr\/wp-content\/uploads\/2021\/01\/tr2-700x467.jpg 700w\" sizes=\"(max-width: 900px) 100vw, 900px\" \/>\t\t\t\t\t\t\t\t\t\t\t\t\t\t\t<\/div>\n\t\t\t\t<\/div>\n\t\t\t\t\t<\/div>\n\t\t<\/div>\n\t\t\t\t<div class=\"elementor-column elementor-col-33 elementor-top-column elementor-element elementor-element-0a29d38\" data-id=\"0a29d38\" data-element_type=\"column\" data-e-type=\"column\">\n\t\t\t<div class=\"elementor-widget-wrap elementor-element-populated\">\n\t\t\t\t\t\t<div class=\"elementor-element elementor-element-4daf275 elementor-widget elementor-widget-sidebar\" data-id=\"4daf275\" data-element_type=\"widget\" data-e-type=\"widget\" data-widget_type=\"sidebar.default\">\n\t\t\t\t<div class=\"elementor-widget-container\">\n\t\t\t\t\t<div id=\"nav_menu-4\" class=\"widget widget_nav_menu posts_holder\"><h5>BEHANDLUNG<\/h5><div class=\"menu-behandlung-container\"><ul id=\"menu-behandlung\" class=\"menu\"><li id=\"menu-item-1805\" class=\"menu-item menu-item-type-post_type menu-item-object-page menu-item-1805\"><a href=\"https:\/\/osteothess.gr\/de\/osteopathitiki-therapeia\/\">Osteopathie<\/a><\/li>\n<li id=\"menu-item-1806\" class=\"menu-item menu-item-type-post_type menu-item-object-page menu-item-1806\"><a href=\"https:\/\/osteothess.gr\/de\/domiki-osteopathitiki\/\">Strukturelle Osteopathie<\/a><\/li>\n<li id=\"menu-item-1807\" class=\"menu-item menu-item-type-post_type menu-item-object-page menu-item-1807\"><a href=\"https:\/\/osteothess.gr\/de\/splachniki-osteopathitiki\/\">Viszerale Osteopathie<\/a><\/li>\n<li id=\"menu-item-1808\" class=\"menu-item menu-item-type-post_type menu-item-object-page menu-item-1808\"><a href=\"https:\/\/osteothess.gr\/de\/kranioieri-osteopathitiki\/\">Craniosacral Osteopathie<\/a><\/li>\n<li id=\"menu-item-1809\" class=\"menu-item menu-item-type-post_type menu-item-object-page menu-item-1809\"><a href=\"https:\/\/osteothess.gr\/de\/peritoniaki-malaxi\/\">Reflexzonenmassage<\/a><\/li>\n<li id=\"menu-item-1810\" class=\"menu-item menu-item-type-post_type menu-item-object-page menu-item-1810\"><a href=\"https:\/\/osteothess.gr\/de\/trigger-point-massage\/\">Trigger Point Massage<\/a><\/li>\n<li id=\"menu-item-1811\" class=\"menu-item menu-item-type-post_type menu-item-object-page menu-item-1811\"><a href=\"https:\/\/osteothess.gr\/de\/lemfiki-malaxi\/\">Lymphdrainage<\/a><\/li>\n<li id=\"menu-item-1812\" class=\"menu-item menu-item-type-post_type menu-item-object-page menu-item-1812\"><a href=\"https:\/\/osteothess.gr\/de\/oto-velonismos\/\">Ohrakupunktur<\/a><\/li>\n<li id=\"menu-item-1813\" class=\"menu-item menu-item-type-post_type menu-item-object-page menu-item-1813\"><a href=\"https:\/\/osteothess.gr\/de\/ventouzes-therapeia\/\">Schr\u00f6pftherapie<\/a><\/li>\n<\/ul><\/div><\/div><div class=\"widget qode_button_widget\"><a  itemprop=\"url\" href=\"http:\/\/osteothess.gr\/de\/epikoinonia\/\" target=\"_self\" data-hover-background-color=\"#708573\" data-hover-color=\"#f7f0ea\" class=\"qbutton  default\" style=\"color: #f7f0ea; background-color:#708573;\">BUCHEN SIE JETZT<\/a><\/div><div id=\"search-5\" class=\"widget widget_search posts_holder\"><h5>Suche<\/h5><form role=\"search\" method=\"get\" id=\"searchform\" action=\"https:\/\/osteothess.gr\/de\/\">\n    <div><label class=\"screen-reader-text\" for=\"s\">Search for:<\/label>\n        <input type=\"text\" value=\"\" placeholder=\"Search Here\" name=\"s\" id=\"s\" \/>\n        <input type=\"submit\" id=\"searchsubmit\" value=\"&#xf002\" \/>\n    <\/div>\n<\/form><\/div>\t\t\t\t<\/div>\n\t\t\t\t<\/div>\n\t\t\t\t\t<\/div>\n\t\t<\/div>\n\t\t\t\t\t<\/div>\n\t\t<\/section>\n\t\t\t\t<\/div>\n\t\t","protected":false},"excerpt":{"rendered":"<p>Strukturelle Osteopathie Dein K\u00f6rper ist eine wundervolle Maschine! Eine strukturelle Osteopathiesche Behandlung kann Ihr Leiden verhindern. Ihr Ziel ist es, die mechanischen Elemente des K\u00f6rpers zu untersuchen, um die Ursache des Leidens zu bestimmen. Durch die Untersuchung des Bewegungsapparates identifiziert der Osteopath die k\u00f6rperlichen Bed\u00fcrfnisse&#8230;<\/p>\n","protected":false},"author":1,"featured_media":0,"parent":0,"menu_order":0,"comment_status":"closed","ping_status":"closed","template":"full_width.php","meta":{"footnotes":""},"class_list":["post-1631","page","type-page","status-publish","hentry"],"yoast_head":"<!-- This site is optimized with the Yoast SEO plugin v27.1.1 - https:\/\/yoast.com\/product\/yoast-seo-wordpress\/ -->\n<title>Strukturelle Osteopathie - \u039f\u03c3\u03c4\u03b5\u03bf\u03c0\u03b1\u03b8\u03b7\u03c4\u03b9\u03ba\u03cc\u03c2 \u0395\u03bb\u03b5\u03c5\u03b8\u03ad\u03c1\u03b9\u03bf\u03c2 \u039d\u03b1\u03c3\u03b9\u03cc\u03c0\u03bf\u03c5\u03bb\u03bf\u03c2<\/title>\n<meta name=\"description\" content=\"\u0397 \u03bf\u03c3\u03c4\u03b5\u03bf\u03c0\u03b1\u03b8\u03b7\u03c4\u03b9\u03ba\u03ae \u03b5\u03af\u03bd\u03b1\u03b9 \u03b7 \u03b8\u03b5\u03c1\u03b1\u03c0\u03b5\u03c5\u03c4\u03b9\u03ba\u03ae \u03b1\u03b3\u03c9\u03b3\u03ae \u03c0\u03bf\u03c5 \u03b1\u03bd\u03b9\u03c7\u03bd\u03b5\u03cd\u03b5\u03b9 \u03b5\u03ba\u03c4\u03b9\u03bc\u03ac, \u03b1\u03bd\u03b1\u03ba\u03bf\u03c5\u03c6\u03af\u03b6\u03b5\u03b9, \u03b1\u03c0\u03bf\u03ba\u03b1\u03b8\u03b9\u03c3\u03c4\u03ac \u03ba\u03b1\u03b9 \u03c0\u03c1\u03bf\u03bb\u03b1\u03bc\u03b2\u03ac\u03bd\u03b5\u03b9 \u03c0\u03c1\u03bf\u03b2\u03bb\u03ae\u03bc\u03b1\u03c4\u03b1 \u03c5\u03b3\u03b5\u03af\u03b1\u03c2, \u03c7\u03c1\u03b7\u03c3\u03b9\u03bc\u03bf\u03c0\u03bf\u03b9\u03ce\u03bd\u03c4\u03b1\u03c2 \u03ad\u03bd\u03b1 \u03b5\u03c5\u03c1\u03cd \u03c6\u03ac\u03c3\u03bc\u03b1 \u03b4\u03b9\u03b1 \u03c7\u03b5\u03b9\u03c1\u03cc\u03c2 \u03c4\u03b5\u03c7\u03bd\u03b9\u03ba\u03ce\u03bd.\" \/>\n<meta name=\"robots\" content=\"index, follow, max-snippet:-1, max-image-preview:large, max-video-preview:-1\" \/>\n<link rel=\"canonical\" href=\"https:\/\/osteothess.gr\/de\/domiki-osteopathitiki\/\" \/>\n<meta property=\"og:locale\" content=\"de_DE\" \/>\n<meta property=\"og:type\" content=\"article\" \/>\n<meta property=\"og:title\" content=\"Strukturelle Osteopathie - \u039f\u03c3\u03c4\u03b5\u03bf\u03c0\u03b1\u03b8\u03b7\u03c4\u03b9\u03ba\u03cc\u03c2 \u0395\u03bb\u03b5\u03c5\u03b8\u03ad\u03c1\u03b9\u03bf\u03c2 \u039d\u03b1\u03c3\u03b9\u03cc\u03c0\u03bf\u03c5\u03bb\u03bf\u03c2\" \/>\n<meta property=\"og:description\" content=\"\u0397 \u03bf\u03c3\u03c4\u03b5\u03bf\u03c0\u03b1\u03b8\u03b7\u03c4\u03b9\u03ba\u03ae \u03b5\u03af\u03bd\u03b1\u03b9 \u03b7 \u03b8\u03b5\u03c1\u03b1\u03c0\u03b5\u03c5\u03c4\u03b9\u03ba\u03ae \u03b1\u03b3\u03c9\u03b3\u03ae \u03c0\u03bf\u03c5 \u03b1\u03bd\u03b9\u03c7\u03bd\u03b5\u03cd\u03b5\u03b9 \u03b5\u03ba\u03c4\u03b9\u03bc\u03ac, \u03b1\u03bd\u03b1\u03ba\u03bf\u03c5\u03c6\u03af\u03b6\u03b5\u03b9, \u03b1\u03c0\u03bf\u03ba\u03b1\u03b8\u03b9\u03c3\u03c4\u03ac \u03ba\u03b1\u03b9 \u03c0\u03c1\u03bf\u03bb\u03b1\u03bc\u03b2\u03ac\u03bd\u03b5\u03b9 \u03c0\u03c1\u03bf\u03b2\u03bb\u03ae\u03bc\u03b1\u03c4\u03b1 \u03c5\u03b3\u03b5\u03af\u03b1\u03c2, \u03c7\u03c1\u03b7\u03c3\u03b9\u03bc\u03bf\u03c0\u03bf\u03b9\u03ce\u03bd\u03c4\u03b1\u03c2 \u03ad\u03bd\u03b1 \u03b5\u03c5\u03c1\u03cd \u03c6\u03ac\u03c3\u03bc\u03b1 \u03b4\u03b9\u03b1 \u03c7\u03b5\u03b9\u03c1\u03cc\u03c2 \u03c4\u03b5\u03c7\u03bd\u03b9\u03ba\u03ce\u03bd.\" \/>\n<meta property=\"og:url\" content=\"https:\/\/osteothess.gr\/de\/domiki-osteopathitiki\/\" \/>\n<meta property=\"og:site_name\" content=\"\u039f\u03c3\u03c4\u03b5\u03bf\u03c0\u03b1\u03b8\u03b7\u03c4\u03b9\u03ba\u03cc\u03c2 \u0395\u03bb\u03b5\u03c5\u03b8\u03ad\u03c1\u03b9\u03bf\u03c2 \u039d\u03b1\u03c3\u03b9\u03cc\u03c0\u03bf\u03c5\u03bb\u03bf\u03c2\" \/>\n<meta property=\"article:modified_time\" content=\"2021-05-12T10:12:08+00:00\" \/>\n<meta property=\"og:image\" content=\"http:\/\/osteothess.gr\/wp-content\/uploads\/2021\/01\/tr3.jpg\" \/>\n<meta name=\"twitter:card\" content=\"summary_large_image\" \/>\n<meta name=\"twitter:label1\" content=\"Gesch\u00e4tzte Lesezeit\" \/>\n\t<meta name=\"twitter:data1\" content=\"2\u00a0Minuten\" \/>\n<script type=\"application\/ld+json\" class=\"yoast-schema-graph\">{\"@context\":\"https:\/\/schema.org\",\"@graph\":[{\"@type\":\"WebPage\",\"@id\":\"https:\/\/osteothess.gr\/de\/domiki-osteopathitiki\/\",\"url\":\"https:\/\/osteothess.gr\/de\/domiki-osteopathitiki\/\",\"name\":\"Strukturelle Osteopathie - \u039f\u03c3\u03c4\u03b5\u03bf\u03c0\u03b1\u03b8\u03b7\u03c4\u03b9\u03ba\u03cc\u03c2 \u0395\u03bb\u03b5\u03c5\u03b8\u03ad\u03c1\u03b9\u03bf\u03c2 \u039d\u03b1\u03c3\u03b9\u03cc\u03c0\u03bf\u03c5\u03bb\u03bf\u03c2\",\"isPartOf\":{\"@id\":\"https:\/\/osteothess.gr\/de\/#website\"},\"primaryImageOfPage\":{\"@id\":\"https:\/\/osteothess.gr\/de\/domiki-osteopathitiki\/#primaryimage\"},\"image\":{\"@id\":\"https:\/\/osteothess.gr\/de\/domiki-osteopathitiki\/#primaryimage\"},\"thumbnailUrl\":\"http:\/\/osteothess.gr\/wp-content\/uploads\/2021\/01\/tr3.jpg\",\"datePublished\":\"2021-01-02T17:06:52+00:00\",\"dateModified\":\"2021-05-12T10:12:08+00:00\",\"description\":\"\u0397 \u03bf\u03c3\u03c4\u03b5\u03bf\u03c0\u03b1\u03b8\u03b7\u03c4\u03b9\u03ba\u03ae \u03b5\u03af\u03bd\u03b1\u03b9 \u03b7 \u03b8\u03b5\u03c1\u03b1\u03c0\u03b5\u03c5\u03c4\u03b9\u03ba\u03ae \u03b1\u03b3\u03c9\u03b3\u03ae \u03c0\u03bf\u03c5 \u03b1\u03bd\u03b9\u03c7\u03bd\u03b5\u03cd\u03b5\u03b9 \u03b5\u03ba\u03c4\u03b9\u03bc\u03ac, \u03b1\u03bd\u03b1\u03ba\u03bf\u03c5\u03c6\u03af\u03b6\u03b5\u03b9, \u03b1\u03c0\u03bf\u03ba\u03b1\u03b8\u03b9\u03c3\u03c4\u03ac \u03ba\u03b1\u03b9 \u03c0\u03c1\u03bf\u03bb\u03b1\u03bc\u03b2\u03ac\u03bd\u03b5\u03b9 \u03c0\u03c1\u03bf\u03b2\u03bb\u03ae\u03bc\u03b1\u03c4\u03b1 \u03c5\u03b3\u03b5\u03af\u03b1\u03c2, \u03c7\u03c1\u03b7\u03c3\u03b9\u03bc\u03bf\u03c0\u03bf\u03b9\u03ce\u03bd\u03c4\u03b1\u03c2 \u03ad\u03bd\u03b1 \u03b5\u03c5\u03c1\u03cd \u03c6\u03ac\u03c3\u03bc\u03b1 \u03b4\u03b9\u03b1 \u03c7\u03b5\u03b9\u03c1\u03cc\u03c2 \u03c4\u03b5\u03c7\u03bd\u03b9\u03ba\u03ce\u03bd.\",\"breadcrumb\":{\"@id\":\"https:\/\/osteothess.gr\/de\/domiki-osteopathitiki\/#breadcrumb\"},\"inLanguage\":\"de\",\"potentialAction\":[{\"@type\":\"ReadAction\",\"target\":[\"https:\/\/osteothess.gr\/de\/domiki-osteopathitiki\/\"]}]},{\"@type\":\"ImageObject\",\"inLanguage\":\"de\",\"@id\":\"https:\/\/osteothess.gr\/de\/domiki-osteopathitiki\/#primaryimage\",\"url\":\"http:\/\/osteothess.gr\/wp-content\/uploads\/2021\/01\/tr3.jpg\",\"contentUrl\":\"http:\/\/osteothess.gr\/wp-content\/uploads\/2021\/01\/tr3.jpg\"},{\"@type\":\"BreadcrumbList\",\"@id\":\"https:\/\/osteothess.gr\/de\/domiki-osteopathitiki\/#breadcrumb\",\"itemListElement\":[{\"@type\":\"ListItem\",\"position\":1,\"name\":\"\u0391\u03c1\u03c7\u03b9\u03ba\u03ae\",\"item\":\"https:\/\/osteothess.gr\/de\/\"},{\"@type\":\"ListItem\",\"position\":2,\"name\":\"Strukturelle Osteopathie\"}]},{\"@type\":\"WebSite\",\"@id\":\"https:\/\/osteothess.gr\/de\/#website\",\"url\":\"https:\/\/osteothess.gr\/de\/\",\"name\":\"\u039f\u03c3\u03c4\u03b5\u03bf\u03c0\u03b1\u03b8\u03b7\u03c4\u03b9\u03ba\u03cc\u03c2 \u0395\u03bb\u03b5\u03c5\u03b8\u03ad\u03c1\u03b9\u03bf\u03c2 \u039d\u03b1\u03c3\u03b9\u03cc\u03c0\u03bf\u03c5\u03bb\u03bf\u03c2\",\"description\":\"\u039f\u03c3\u03c4\u03b5\u03bf\u03c0\u03b1\u03b8\u03b7\u03c4\u03b9\u03ba\u03ae \u03b1\u03b3\u03c9\u03b3\u03ae\",\"potentialAction\":[{\"@type\":\"SearchAction\",\"target\":{\"@type\":\"EntryPoint\",\"urlTemplate\":\"https:\/\/osteothess.gr\/de\/?s={search_term_string}\"},\"query-input\":{\"@type\":\"PropertyValueSpecification\",\"valueRequired\":true,\"valueName\":\"search_term_string\"}}],\"inLanguage\":\"de\"}]}<\/script>\n<!-- \/ Yoast SEO plugin. -->","yoast_head_json":{"title":"Strukturelle Osteopathie - \u039f\u03c3\u03c4\u03b5\u03bf\u03c0\u03b1\u03b8\u03b7\u03c4\u03b9\u03ba\u03cc\u03c2 \u0395\u03bb\u03b5\u03c5\u03b8\u03ad\u03c1\u03b9\u03bf\u03c2 \u039d\u03b1\u03c3\u03b9\u03cc\u03c0\u03bf\u03c5\u03bb\u03bf\u03c2","description":"\u0397 \u03bf\u03c3\u03c4\u03b5\u03bf\u03c0\u03b1\u03b8\u03b7\u03c4\u03b9\u03ba\u03ae \u03b5\u03af\u03bd\u03b1\u03b9 \u03b7 \u03b8\u03b5\u03c1\u03b1\u03c0\u03b5\u03c5\u03c4\u03b9\u03ba\u03ae \u03b1\u03b3\u03c9\u03b3\u03ae \u03c0\u03bf\u03c5 \u03b1\u03bd\u03b9\u03c7\u03bd\u03b5\u03cd\u03b5\u03b9 \u03b5\u03ba\u03c4\u03b9\u03bc\u03ac, \u03b1\u03bd\u03b1\u03ba\u03bf\u03c5\u03c6\u03af\u03b6\u03b5\u03b9, \u03b1\u03c0\u03bf\u03ba\u03b1\u03b8\u03b9\u03c3\u03c4\u03ac \u03ba\u03b1\u03b9 \u03c0\u03c1\u03bf\u03bb\u03b1\u03bc\u03b2\u03ac\u03bd\u03b5\u03b9 \u03c0\u03c1\u03bf\u03b2\u03bb\u03ae\u03bc\u03b1\u03c4\u03b1 \u03c5\u03b3\u03b5\u03af\u03b1\u03c2, \u03c7\u03c1\u03b7\u03c3\u03b9\u03bc\u03bf\u03c0\u03bf\u03b9\u03ce\u03bd\u03c4\u03b1\u03c2 \u03ad\u03bd\u03b1 \u03b5\u03c5\u03c1\u03cd \u03c6\u03ac\u03c3\u03bc\u03b1 \u03b4\u03b9\u03b1 \u03c7\u03b5\u03b9\u03c1\u03cc\u03c2 \u03c4\u03b5\u03c7\u03bd\u03b9\u03ba\u03ce\u03bd.","robots":{"index":"index","follow":"follow","max-snippet":"max-snippet:-1","max-image-preview":"max-image-preview:large","max-video-preview":"max-video-preview:-1"},"canonical":"https:\/\/osteothess.gr\/de\/domiki-osteopathitiki\/","og_locale":"de_DE","og_type":"article","og_title":"Strukturelle Osteopathie - \u039f\u03c3\u03c4\u03b5\u03bf\u03c0\u03b1\u03b8\u03b7\u03c4\u03b9\u03ba\u03cc\u03c2 \u0395\u03bb\u03b5\u03c5\u03b8\u03ad\u03c1\u03b9\u03bf\u03c2 \u039d\u03b1\u03c3\u03b9\u03cc\u03c0\u03bf\u03c5\u03bb\u03bf\u03c2","og_description":"\u0397 \u03bf\u03c3\u03c4\u03b5\u03bf\u03c0\u03b1\u03b8\u03b7\u03c4\u03b9\u03ba\u03ae \u03b5\u03af\u03bd\u03b1\u03b9 \u03b7 \u03b8\u03b5\u03c1\u03b1\u03c0\u03b5\u03c5\u03c4\u03b9\u03ba\u03ae \u03b1\u03b3\u03c9\u03b3\u03ae \u03c0\u03bf\u03c5 \u03b1\u03bd\u03b9\u03c7\u03bd\u03b5\u03cd\u03b5\u03b9 \u03b5\u03ba\u03c4\u03b9\u03bc\u03ac, \u03b1\u03bd\u03b1\u03ba\u03bf\u03c5\u03c6\u03af\u03b6\u03b5\u03b9, \u03b1\u03c0\u03bf\u03ba\u03b1\u03b8\u03b9\u03c3\u03c4\u03ac \u03ba\u03b1\u03b9 \u03c0\u03c1\u03bf\u03bb\u03b1\u03bc\u03b2\u03ac\u03bd\u03b5\u03b9 \u03c0\u03c1\u03bf\u03b2\u03bb\u03ae\u03bc\u03b1\u03c4\u03b1 \u03c5\u03b3\u03b5\u03af\u03b1\u03c2, \u03c7\u03c1\u03b7\u03c3\u03b9\u03bc\u03bf\u03c0\u03bf\u03b9\u03ce\u03bd\u03c4\u03b1\u03c2 \u03ad\u03bd\u03b1 \u03b5\u03c5\u03c1\u03cd \u03c6\u03ac\u03c3\u03bc\u03b1 \u03b4\u03b9\u03b1 \u03c7\u03b5\u03b9\u03c1\u03cc\u03c2 \u03c4\u03b5\u03c7\u03bd\u03b9\u03ba\u03ce\u03bd.","og_url":"https:\/\/osteothess.gr\/de\/domiki-osteopathitiki\/","og_site_name":"\u039f\u03c3\u03c4\u03b5\u03bf\u03c0\u03b1\u03b8\u03b7\u03c4\u03b9\u03ba\u03cc\u03c2 \u0395\u03bb\u03b5\u03c5\u03b8\u03ad\u03c1\u03b9\u03bf\u03c2 \u039d\u03b1\u03c3\u03b9\u03cc\u03c0\u03bf\u03c5\u03bb\u03bf\u03c2","article_modified_time":"2021-05-12T10:12:08+00:00","og_image":[{"url":"http:\/\/osteothess.gr\/wp-content\/uploads\/2021\/01\/tr3.jpg","type":"","width":"","height":""}],"twitter_card":"summary_large_image","twitter_misc":{"Gesch\u00e4tzte Lesezeit":"2\u00a0Minuten"},"schema":{"@context":"https:\/\/schema.org","@graph":[{"@type":"WebPage","@id":"https:\/\/osteothess.gr\/de\/domiki-osteopathitiki\/","url":"https:\/\/osteothess.gr\/de\/domiki-osteopathitiki\/","name":"Strukturelle Osteopathie - \u039f\u03c3\u03c4\u03b5\u03bf\u03c0\u03b1\u03b8\u03b7\u03c4\u03b9\u03ba\u03cc\u03c2 \u0395\u03bb\u03b5\u03c5\u03b8\u03ad\u03c1\u03b9\u03bf\u03c2 \u039d\u03b1\u03c3\u03b9\u03cc\u03c0\u03bf\u03c5\u03bb\u03bf\u03c2","isPartOf":{"@id":"https:\/\/osteothess.gr\/de\/#website"},"primaryImageOfPage":{"@id":"https:\/\/osteothess.gr\/de\/domiki-osteopathitiki\/#primaryimage"},"image":{"@id":"https:\/\/osteothess.gr\/de\/domiki-osteopathitiki\/#primaryimage"},"thumbnailUrl":"http:\/\/osteothess.gr\/wp-content\/uploads\/2021\/01\/tr3.jpg","datePublished":"2021-01-02T17:06:52+00:00","dateModified":"2021-05-12T10:12:08+00:00","description":"\u0397 \u03bf\u03c3\u03c4\u03b5\u03bf\u03c0\u03b1\u03b8\u03b7\u03c4\u03b9\u03ba\u03ae \u03b5\u03af\u03bd\u03b1\u03b9 \u03b7 \u03b8\u03b5\u03c1\u03b1\u03c0\u03b5\u03c5\u03c4\u03b9\u03ba\u03ae \u03b1\u03b3\u03c9\u03b3\u03ae \u03c0\u03bf\u03c5 \u03b1\u03bd\u03b9\u03c7\u03bd\u03b5\u03cd\u03b5\u03b9 \u03b5\u03ba\u03c4\u03b9\u03bc\u03ac, \u03b1\u03bd\u03b1\u03ba\u03bf\u03c5\u03c6\u03af\u03b6\u03b5\u03b9, \u03b1\u03c0\u03bf\u03ba\u03b1\u03b8\u03b9\u03c3\u03c4\u03ac \u03ba\u03b1\u03b9 \u03c0\u03c1\u03bf\u03bb\u03b1\u03bc\u03b2\u03ac\u03bd\u03b5\u03b9 \u03c0\u03c1\u03bf\u03b2\u03bb\u03ae\u03bc\u03b1\u03c4\u03b1 \u03c5\u03b3\u03b5\u03af\u03b1\u03c2, \u03c7\u03c1\u03b7\u03c3\u03b9\u03bc\u03bf\u03c0\u03bf\u03b9\u03ce\u03bd\u03c4\u03b1\u03c2 \u03ad\u03bd\u03b1 \u03b5\u03c5\u03c1\u03cd \u03c6\u03ac\u03c3\u03bc\u03b1 \u03b4\u03b9\u03b1 \u03c7\u03b5\u03b9\u03c1\u03cc\u03c2 \u03c4\u03b5\u03c7\u03bd\u03b9\u03ba\u03ce\u03bd.","breadcrumb":{"@id":"https:\/\/osteothess.gr\/de\/domiki-osteopathitiki\/#breadcrumb"},"inLanguage":"de","potentialAction":[{"@type":"ReadAction","target":["https:\/\/osteothess.gr\/de\/domiki-osteopathitiki\/"]}]},{"@type":"ImageObject","inLanguage":"de","@id":"https:\/\/osteothess.gr\/de\/domiki-osteopathitiki\/#primaryimage","url":"http:\/\/osteothess.gr\/wp-content\/uploads\/2021\/01\/tr3.jpg","contentUrl":"http:\/\/osteothess.gr\/wp-content\/uploads\/2021\/01\/tr3.jpg"},{"@type":"BreadcrumbList","@id":"https:\/\/osteothess.gr\/de\/domiki-osteopathitiki\/#breadcrumb","itemListElement":[{"@type":"ListItem","position":1,"name":"\u0391\u03c1\u03c7\u03b9\u03ba\u03ae","item":"https:\/\/osteothess.gr\/de\/"},{"@type":"ListItem","position":2,"name":"Strukturelle Osteopathie"}]},{"@type":"WebSite","@id":"https:\/\/osteothess.gr\/de\/#website","url":"https:\/\/osteothess.gr\/de\/","name":"\u039f\u03c3\u03c4\u03b5\u03bf\u03c0\u03b1\u03b8\u03b7\u03c4\u03b9\u03ba\u03cc\u03c2 \u0395\u03bb\u03b5\u03c5\u03b8\u03ad\u03c1\u03b9\u03bf\u03c2 \u039d\u03b1\u03c3\u03b9\u03cc\u03c0\u03bf\u03c5\u03bb\u03bf\u03c2","description":"\u039f\u03c3\u03c4\u03b5\u03bf\u03c0\u03b1\u03b8\u03b7\u03c4\u03b9\u03ba\u03ae \u03b1\u03b3\u03c9\u03b3\u03ae","potentialAction":[{"@type":"SearchAction","target":{"@type":"EntryPoint","urlTemplate":"https:\/\/osteothess.gr\/de\/?s={search_term_string}"},"query-input":{"@type":"PropertyValueSpecification","valueRequired":true,"valueName":"search_term_string"}}],"inLanguage":"de"}]}},"_links":{"self":[{"href":"https:\/\/osteothess.gr\/de\/wp-json\/wp\/v2\/pages\/1631","targetHints":{"allow":["GET"]}}],"collection":[{"href":"https:\/\/osteothess.gr\/de\/wp-json\/wp\/v2\/pages"}],"about":[{"href":"https:\/\/osteothess.gr\/de\/wp-json\/wp\/v2\/types\/page"}],"author":[{"embeddable":true,"href":"https:\/\/osteothess.gr\/de\/wp-json\/wp\/v2\/users\/1"}],"replies":[{"embeddable":true,"href":"https:\/\/osteothess.gr\/de\/wp-json\/wp\/v2\/comments?post=1631"}],"version-history":[{"count":4,"href":"https:\/\/osteothess.gr\/de\/wp-json\/wp\/v2\/pages\/1631\/revisions"}],"predecessor-version":[{"id":1672,"href":"https:\/\/osteothess.gr\/de\/wp-json\/wp\/v2\/pages\/1631\/revisions\/1672"}],"wp:attachment":[{"href":"https:\/\/osteothess.gr\/de\/wp-json\/wp\/v2\/media?parent=1631"}],"curies":[{"name":"wp","href":"https:\/\/api.w.org\/{rel}","templated":true}]}}