{"id":1881,"date":"2024-04-19T06:24:03","date_gmt":"2024-04-19T06:24:03","guid":{"rendered":"https:\/\/osteothess.gr\/?page_id=1881"},"modified":"2024-04-19T06:24:46","modified_gmt":"2024-04-19T06:24:46","slug":"akupunktur","status":"publish","type":"page","link":"https:\/\/osteothess.gr\/de\/akupunktur\/","title":{"rendered":"Akupunktur"},"content":{"rendered":"\t\t<div data-elementor-type=\"wp-page\" data-elementor-id=\"1881\" class=\"elementor elementor-1881 elementor-1879\" data-elementor-post-type=\"page\">\n\t\t\t\t\t\t<section class=\"elementor-section elementor-top-section elementor-element elementor-element-56d4642b elementor-section-full_width qode_elementor_container_inner elementor-section-height-default elementor-section-height-default parallax_section_no\" data-id=\"56d4642b\" data-element_type=\"section\" data-e-type=\"section\">\n\t\t\t\t\t\t<div class=\"elementor-container elementor-column-gap-default\">\n\t\t\t\t\t<div class=\"elementor-column elementor-col-100 elementor-top-column elementor-element elementor-element-307e47f7\" data-id=\"307e47f7\" data-element_type=\"column\" data-e-type=\"column\">\n\t\t\t<div class=\"elementor-widget-wrap elementor-element-populated\">\n\t\t\t\t\t\t<div class=\"elementor-element elementor-element-2abbc421 elementor-widget elementor-widget-heading\" data-id=\"2abbc421\" data-element_type=\"widget\" data-e-type=\"widget\" data-widget_type=\"heading.default\">\n\t\t\t\t<div class=\"elementor-widget-container\">\n\t\t\t\t\t<h2 class=\"elementor-heading-title elementor-size-default\">Akupunktur<\/h2>\t\t\t\t<\/div>\n\t\t\t\t<\/div>\n\t\t\t\t<div class=\"elementor-element elementor-element-289a74 elementor-widget elementor-widget-heading\" data-id=\"289a74\" data-element_type=\"widget\" data-e-type=\"widget\" data-widget_type=\"heading.default\">\n\t\t\t\t<div class=\"elementor-widget-container\">\n\t\t\t\t\t<h4 class=\"elementor-heading-title elementor-size-default\">TCM-Akupunktur Balance-Methode<\/h4>\t\t\t\t<\/div>\n\t\t\t\t<\/div>\n\t\t\t\t\t<\/div>\n\t\t<\/div>\n\t\t\t\t\t<\/div>\n\t\t<\/section>\n\t\t\t\t<section class=\"elementor-section elementor-top-section elementor-element elementor-element-4af3c9a5 elementor-section-boxed elementor-section-height-default elementor-section-height-default parallax_section_no qode_elementor_container_no\" data-id=\"4af3c9a5\" data-element_type=\"section\" data-e-type=\"section\">\n\t\t\t\t\t\t<div class=\"elementor-container elementor-column-gap-default\">\n\t\t\t\t\t<div class=\"elementor-column elementor-col-66 elementor-top-column elementor-element elementor-element-74444333\" data-id=\"74444333\" data-element_type=\"column\" data-e-type=\"column\">\n\t\t\t<div class=\"elementor-widget-wrap elementor-element-populated\">\n\t\t\t\t\t\t<div class=\"elementor-element elementor-element-8768ba4 elementor-widget elementor-widget-image\" data-id=\"8768ba4\" data-element_type=\"widget\" data-e-type=\"widget\" data-widget_type=\"image.default\">\n\t\t\t\t<div class=\"elementor-widget-container\">\n\t\t\t\t\t\t\t\t\t\t\t\t\t\t\t<img fetchpriority=\"high\" decoding=\"async\" width=\"800\" height=\"533\" src=\"https:\/\/osteothess.gr\/wp-content\/uploads\/2024\/04\/velonismos2.jpg\" class=\"attachment-large size-large wp-image-1885\" alt=\"\" srcset=\"https:\/\/osteothess.gr\/wp-content\/uploads\/2024\/04\/velonismos2.jpg 800w, https:\/\/osteothess.gr\/wp-content\/uploads\/2024\/04\/velonismos2-300x200.jpg 300w, https:\/\/osteothess.gr\/wp-content\/uploads\/2024\/04\/velonismos2-768x512.jpg 768w, https:\/\/osteothess.gr\/wp-content\/uploads\/2024\/04\/velonismos2-700x466.jpg 700w\" sizes=\"(max-width: 800px) 100vw, 800px\" \/>\t\t\t\t\t\t\t\t\t\t\t\t\t\t\t<\/div>\n\t\t\t\t<\/div>\n\t\t\t\t<div class=\"elementor-element elementor-element-c6f78dd elementor-widget elementor-widget-text-editor\" data-id=\"c6f78dd\" data-element_type=\"widget\" data-e-type=\"widget\" data-widget_type=\"text-editor.default\">\n\t\t\t\t<div class=\"elementor-widget-container\">\n\t\t\t\t\t\t\t\t\t<p>Die Akupunktur ist eine chinesische Heilmethode, die Tausende von Jahren alt ist und darauf abzielt, die lebenswichtige Energie, bekannt als Qi, die entlang der Meridiane des K\u00f6rpers flie\u00dft, zu balancieren. Eine Unausgewogenheit (\u00dcberschuss oder Mangel) dieses Energieflusses kann zu Schmerzen und Krankheiten f\u00fchren &#8211; k\u00f6rperliche, geistige und seelische Unausgewogenheiten. Durch das Einf\u00fchren von Nadeln an spezifischen Akupunkturpunkten kann der Energiefluss reguliert und das Gleichgewicht im K\u00f6rper wiederhergestellt werden.<br \/>Die Akupunktur, insbesondere die Elektroakupunktur, wird h\u00e4ufig zur Behandlung von Muskelschmerzen, Gelenkproblemen, Verdauungsproblemen, Stress, Schlafst\u00f6rungen, hormonellen St\u00f6rungen und vielen anderen Zust\u00e4nden eingesetzt.<br \/>Die Akupunktur, speziell die Balance-Methode, die wir in unserem Zentrum anwenden, ist bekannt f\u00fcr ihre schnelle Wirkung. Viele Patienten berichten, dass sie nach nur einer Sitzung eine deutliche Verbesserung ihrer Symptome sp\u00fcren.<\/p><p>Die Balance-Methode unterscheidet sich von anderen Formen der Akupunktur durch die Verwendung von entfernten Meridian Punkten an den Extremit\u00e4ten und am Kopf.\u00a0 Diese Punkte liegen weit entfernt von der Stelle, an der der Patient Schmerzen oder andere Symptome erlebt.\u00a0 Ein wesentliches Merkmal dieser Methode ist die Verwendung der Meridiane als ein umfassendes System f\u00fcr Diagnose und Behandlung.<\/p>\t\t\t\t\t\t\t\t<\/div>\n\t\t\t\t<\/div>\n\t\t\t\t\t<\/div>\n\t\t<\/div>\n\t\t\t\t<div class=\"elementor-column elementor-col-33 elementor-top-column elementor-element elementor-element-7deeb057\" data-id=\"7deeb057\" data-element_type=\"column\" data-e-type=\"column\">\n\t\t\t<div class=\"elementor-widget-wrap elementor-element-populated\">\n\t\t\t\t\t\t<div class=\"elementor-element elementor-element-2304fe20 elementor-widget elementor-widget-sidebar\" data-id=\"2304fe20\" data-element_type=\"widget\" data-e-type=\"widget\" data-widget_type=\"sidebar.default\">\n\t\t\t\t<div class=\"elementor-widget-container\">\n\t\t\t\t\t<div id=\"nav_menu-4\" class=\"widget widget_nav_menu posts_holder\"><h5>BEHANDLUNG<\/h5><div class=\"menu-behandlung-container\"><ul id=\"menu-behandlung\" class=\"menu\"><li id=\"menu-item-1805\" class=\"menu-item menu-item-type-post_type menu-item-object-page menu-item-1805\"><a href=\"https:\/\/osteothess.gr\/de\/osteopathitiki-therapeia\/\">Osteopathie<\/a><\/li>\n<li id=\"menu-item-1806\" class=\"menu-item menu-item-type-post_type menu-item-object-page menu-item-1806\"><a href=\"https:\/\/osteothess.gr\/de\/domiki-osteopathitiki\/\">Strukturelle Osteopathie<\/a><\/li>\n<li id=\"menu-item-1807\" class=\"menu-item menu-item-type-post_type menu-item-object-page menu-item-1807\"><a href=\"https:\/\/osteothess.gr\/de\/splachniki-osteopathitiki\/\">Viszerale Osteopathie<\/a><\/li>\n<li id=\"menu-item-1808\" class=\"menu-item menu-item-type-post_type menu-item-object-page menu-item-1808\"><a href=\"https:\/\/osteothess.gr\/de\/kranioieri-osteopathitiki\/\">Craniosacral Osteopathie<\/a><\/li>\n<li id=\"menu-item-1809\" class=\"menu-item menu-item-type-post_type menu-item-object-page menu-item-1809\"><a href=\"https:\/\/osteothess.gr\/de\/peritoniaki-malaxi\/\">Reflexzonenmassage<\/a><\/li>\n<li id=\"menu-item-1810\" class=\"menu-item menu-item-type-post_type menu-item-object-page menu-item-1810\"><a href=\"https:\/\/osteothess.gr\/de\/trigger-point-massage\/\">Trigger Point Massage<\/a><\/li>\n<li id=\"menu-item-1811\" class=\"menu-item menu-item-type-post_type menu-item-object-page menu-item-1811\"><a href=\"https:\/\/osteothess.gr\/de\/lemfiki-malaxi\/\">Lymphdrainage<\/a><\/li>\n<li id=\"menu-item-1812\" class=\"menu-item menu-item-type-post_type menu-item-object-page menu-item-1812\"><a href=\"https:\/\/osteothess.gr\/de\/oto-velonismos\/\">Ohrakupunktur<\/a><\/li>\n<li id=\"menu-item-1813\" class=\"menu-item menu-item-type-post_type menu-item-object-page menu-item-1813\"><a href=\"https:\/\/osteothess.gr\/de\/ventouzes-therapeia\/\">Schr\u00f6pftherapie<\/a><\/li>\n<\/ul><\/div><\/div><div class=\"widget qode_button_widget\"><a  itemprop=\"url\" href=\"http:\/\/osteothess.gr\/de\/epikoinonia\/\" target=\"_self\" data-hover-background-color=\"#708573\" data-hover-color=\"#f7f0ea\" class=\"qbutton  default\" style=\"color: #f7f0ea; background-color:#708573;\">BUCHEN SIE JETZT<\/a><\/div><div id=\"search-5\" class=\"widget widget_search posts_holder\"><h5>Suche<\/h5><form role=\"search\" method=\"get\" id=\"searchform\" action=\"https:\/\/osteothess.gr\/de\/\">\n    <div><label class=\"screen-reader-text\" for=\"s\">Search for:<\/label>\n        <input type=\"text\" value=\"\" placeholder=\"Search Here\" name=\"s\" id=\"s\" \/>\n        <input type=\"submit\" id=\"searchsubmit\" value=\"&#xf002\" \/>\n    <\/div>\n<\/form><\/div>\t\t\t\t<\/div>\n\t\t\t\t<\/div>\n\t\t\t\t\t<\/div>\n\t\t<\/div>\n\t\t\t\t\t<\/div>\n\t\t<\/section>\n\t\t\t\t<\/div>\n\t\t","protected":false},"excerpt":{"rendered":"<p>Akupunktur TCM-Akupunktur Balance-Methode Die Akupunktur ist eine chinesische Heilmethode, die Tausende von Jahren alt ist und darauf abzielt, die lebenswichtige Energie, bekannt als Qi, die entlang der Meridiane des K\u00f6rpers flie\u00dft, zu balancieren. Eine Unausgewogenheit (\u00dcberschuss oder Mangel) dieses Energieflusses kann zu Schmerzen und Krankheiten&#8230;<\/p>\n","protected":false},"author":1,"featured_media":0,"parent":0,"menu_order":0,"comment_status":"closed","ping_status":"closed","template":"full_width.php","meta":{"footnotes":""},"class_list":["post-1881","page","type-page","status-publish","hentry"],"yoast_head":"<!-- This site is optimized with the Yoast SEO plugin v27.1.1 - https:\/\/yoast.com\/product\/yoast-seo-wordpress\/ -->\n<title>Akupunktur - \u039f\u03c3\u03c4\u03b5\u03bf\u03c0\u03b1\u03b8\u03b7\u03c4\u03b9\u03ba\u03cc\u03c2 \u0395\u03bb\u03b5\u03c5\u03b8\u03ad\u03c1\u03b9\u03bf\u03c2 \u039d\u03b1\u03c3\u03b9\u03cc\u03c0\u03bf\u03c5\u03bb\u03bf\u03c2<\/title>\n<meta name=\"description\" content=\"\u039a\u03bb\u03ac\u03b4\u03bf\u03c2 \u03c4\u03bf\u03c5 \u03b2\u03b5\u03bb\u03bf\u03bd\u03b9\u03c3\u03bc\u03bf\u03cd, \u03bf \u03c9\u03c4\u03bf\u03b2\u03b5\u03bb\u03bf\u03bd\u03b9\u03c3\u03bc\u03cc\u03c2 \u03b5\u03af\u03bd\u03b1\u03b9 \u03bc\u03af\u03b1 \u03b1\u03bd\u03ce\u03b4\u03c5\u03bd\u03b7 \u03b8\u03b5\u03c1\u03b1\u03c0\u03b5\u03c5\u03c4\u03b9\u03ba\u03ae \u03c0\u03c1\u03ac\u03be\u03b7, \u03ba\u03b1\u03c4\u03ac \u03c4\u03b7\u03bd \u03bf\u03c0\u03bf\u03af\u03b1 \u03bf \u03b8\u03b5\u03c1\u03b1\u03c0\u03b5\u03c5\u03c4\u03ae\u03c2 \u03b4\u03b9\u03b5\u03b3\u03b5\u03af\u03c1\u03b5\u03b9 \u03c3\u03b7\u03bc\u03b5\u03af\u03b1 \u03c0\u03bf\u03c5 \u03b2\u03c1\u03af\u03c3\u03ba\u03bf\u03bd\u03c4\u03b1\u03b9 \u03c3\u03c4\u03bf \u03c0\u03c4\u03b5\u03c1\u03cd\u03b3\u03b9\u03bf \u03c4\u03bf\u03c5 \u03b1\u03c5\u03c4\u03b9\u03bf\u03cd \u03bc\u03b1\u03c2\" \/>\n<meta name=\"robots\" content=\"index, follow, max-snippet:-1, max-image-preview:large, max-video-preview:-1\" \/>\n<link rel=\"canonical\" href=\"https:\/\/osteothess.gr\/de\/akupunktur\/\" \/>\n<meta property=\"og:locale\" content=\"de_DE\" \/>\n<meta property=\"og:type\" content=\"article\" \/>\n<meta property=\"og:title\" content=\"Akupunktur - \u039f\u03c3\u03c4\u03b5\u03bf\u03c0\u03b1\u03b8\u03b7\u03c4\u03b9\u03ba\u03cc\u03c2 \u0395\u03bb\u03b5\u03c5\u03b8\u03ad\u03c1\u03b9\u03bf\u03c2 \u039d\u03b1\u03c3\u03b9\u03cc\u03c0\u03bf\u03c5\u03bb\u03bf\u03c2\" \/>\n<meta property=\"og:description\" content=\"\u039a\u03bb\u03ac\u03b4\u03bf\u03c2 \u03c4\u03bf\u03c5 \u03b2\u03b5\u03bb\u03bf\u03bd\u03b9\u03c3\u03bc\u03bf\u03cd, \u03bf \u03c9\u03c4\u03bf\u03b2\u03b5\u03bb\u03bf\u03bd\u03b9\u03c3\u03bc\u03cc\u03c2 \u03b5\u03af\u03bd\u03b1\u03b9 \u03bc\u03af\u03b1 \u03b1\u03bd\u03ce\u03b4\u03c5\u03bd\u03b7 \u03b8\u03b5\u03c1\u03b1\u03c0\u03b5\u03c5\u03c4\u03b9\u03ba\u03ae \u03c0\u03c1\u03ac\u03be\u03b7, \u03ba\u03b1\u03c4\u03ac \u03c4\u03b7\u03bd \u03bf\u03c0\u03bf\u03af\u03b1 \u03bf \u03b8\u03b5\u03c1\u03b1\u03c0\u03b5\u03c5\u03c4\u03ae\u03c2 \u03b4\u03b9\u03b5\u03b3\u03b5\u03af\u03c1\u03b5\u03b9 \u03c3\u03b7\u03bc\u03b5\u03af\u03b1 \u03c0\u03bf\u03c5 \u03b2\u03c1\u03af\u03c3\u03ba\u03bf\u03bd\u03c4\u03b1\u03b9 \u03c3\u03c4\u03bf \u03c0\u03c4\u03b5\u03c1\u03cd\u03b3\u03b9\u03bf \u03c4\u03bf\u03c5 \u03b1\u03c5\u03c4\u03b9\u03bf\u03cd \u03bc\u03b1\u03c2\" \/>\n<meta property=\"og:url\" content=\"https:\/\/osteothess.gr\/de\/akupunktur\/\" \/>\n<meta property=\"og:site_name\" content=\"\u039f\u03c3\u03c4\u03b5\u03bf\u03c0\u03b1\u03b8\u03b7\u03c4\u03b9\u03ba\u03cc\u03c2 \u0395\u03bb\u03b5\u03c5\u03b8\u03ad\u03c1\u03b9\u03bf\u03c2 \u039d\u03b1\u03c3\u03b9\u03cc\u03c0\u03bf\u03c5\u03bb\u03bf\u03c2\" \/>\n<meta property=\"article:modified_time\" content=\"2024-04-19T06:24:46+00:00\" \/>\n<meta property=\"og:image\" content=\"https:\/\/osteothess.gr\/wp-content\/uploads\/2024\/04\/velonismos2.jpg\" \/>\n<meta name=\"twitter:card\" content=\"summary_large_image\" \/>\n<meta name=\"twitter:label1\" content=\"Gesch\u00e4tzte Lesezeit\" \/>\n\t<meta name=\"twitter:data1\" content=\"2\u00a0Minuten\" \/>\n<script type=\"application\/ld+json\" class=\"yoast-schema-graph\">{\"@context\":\"https:\/\/schema.org\",\"@graph\":[{\"@type\":\"WebPage\",\"@id\":\"https:\/\/osteothess.gr\/de\/akupunktur\/\",\"url\":\"https:\/\/osteothess.gr\/de\/akupunktur\/\",\"name\":\"Akupunktur - \u039f\u03c3\u03c4\u03b5\u03bf\u03c0\u03b1\u03b8\u03b7\u03c4\u03b9\u03ba\u03cc\u03c2 \u0395\u03bb\u03b5\u03c5\u03b8\u03ad\u03c1\u03b9\u03bf\u03c2 \u039d\u03b1\u03c3\u03b9\u03cc\u03c0\u03bf\u03c5\u03bb\u03bf\u03c2\",\"isPartOf\":{\"@id\":\"https:\/\/osteothess.gr\/de\/#website\"},\"primaryImageOfPage\":{\"@id\":\"https:\/\/osteothess.gr\/de\/akupunktur\/#primaryimage\"},\"image\":{\"@id\":\"https:\/\/osteothess.gr\/de\/akupunktur\/#primaryimage\"},\"thumbnailUrl\":\"https:\/\/osteothess.gr\/wp-content\/uploads\/2024\/04\/velonismos2.jpg\",\"datePublished\":\"2024-04-19T06:24:03+00:00\",\"dateModified\":\"2024-04-19T06:24:46+00:00\",\"description\":\"\u039a\u03bb\u03ac\u03b4\u03bf\u03c2 \u03c4\u03bf\u03c5 \u03b2\u03b5\u03bb\u03bf\u03bd\u03b9\u03c3\u03bc\u03bf\u03cd, \u03bf \u03c9\u03c4\u03bf\u03b2\u03b5\u03bb\u03bf\u03bd\u03b9\u03c3\u03bc\u03cc\u03c2 \u03b5\u03af\u03bd\u03b1\u03b9 \u03bc\u03af\u03b1 \u03b1\u03bd\u03ce\u03b4\u03c5\u03bd\u03b7 \u03b8\u03b5\u03c1\u03b1\u03c0\u03b5\u03c5\u03c4\u03b9\u03ba\u03ae \u03c0\u03c1\u03ac\u03be\u03b7, \u03ba\u03b1\u03c4\u03ac \u03c4\u03b7\u03bd \u03bf\u03c0\u03bf\u03af\u03b1 \u03bf \u03b8\u03b5\u03c1\u03b1\u03c0\u03b5\u03c5\u03c4\u03ae\u03c2 \u03b4\u03b9\u03b5\u03b3\u03b5\u03af\u03c1\u03b5\u03b9 \u03c3\u03b7\u03bc\u03b5\u03af\u03b1 \u03c0\u03bf\u03c5 \u03b2\u03c1\u03af\u03c3\u03ba\u03bf\u03bd\u03c4\u03b1\u03b9 \u03c3\u03c4\u03bf \u03c0\u03c4\u03b5\u03c1\u03cd\u03b3\u03b9\u03bf \u03c4\u03bf\u03c5 \u03b1\u03c5\u03c4\u03b9\u03bf\u03cd \u03bc\u03b1\u03c2\",\"breadcrumb\":{\"@id\":\"https:\/\/osteothess.gr\/de\/akupunktur\/#breadcrumb\"},\"inLanguage\":\"de\",\"potentialAction\":[{\"@type\":\"ReadAction\",\"target\":[\"https:\/\/osteothess.gr\/de\/akupunktur\/\"]}]},{\"@type\":\"ImageObject\",\"inLanguage\":\"de\",\"@id\":\"https:\/\/osteothess.gr\/de\/akupunktur\/#primaryimage\",\"url\":\"https:\/\/osteothess.gr\/wp-content\/uploads\/2024\/04\/velonismos2.jpg\",\"contentUrl\":\"https:\/\/osteothess.gr\/wp-content\/uploads\/2024\/04\/velonismos2.jpg\"},{\"@type\":\"BreadcrumbList\",\"@id\":\"https:\/\/osteothess.gr\/de\/akupunktur\/#breadcrumb\",\"itemListElement\":[{\"@type\":\"ListItem\",\"position\":1,\"name\":\"\u0391\u03c1\u03c7\u03b9\u03ba\u03ae\",\"item\":\"https:\/\/osteothess.gr\/de\/\"},{\"@type\":\"ListItem\",\"position\":2,\"name\":\"Akupunktur\"}]},{\"@type\":\"WebSite\",\"@id\":\"https:\/\/osteothess.gr\/de\/#website\",\"url\":\"https:\/\/osteothess.gr\/de\/\",\"name\":\"\u039f\u03c3\u03c4\u03b5\u03bf\u03c0\u03b1\u03b8\u03b7\u03c4\u03b9\u03ba\u03cc\u03c2 \u0395\u03bb\u03b5\u03c5\u03b8\u03ad\u03c1\u03b9\u03bf\u03c2 \u039d\u03b1\u03c3\u03b9\u03cc\u03c0\u03bf\u03c5\u03bb\u03bf\u03c2\",\"description\":\"\u039f\u03c3\u03c4\u03b5\u03bf\u03c0\u03b1\u03b8\u03b7\u03c4\u03b9\u03ba\u03ae \u03b1\u03b3\u03c9\u03b3\u03ae\",\"potentialAction\":[{\"@type\":\"SearchAction\",\"target\":{\"@type\":\"EntryPoint\",\"urlTemplate\":\"https:\/\/osteothess.gr\/de\/?s={search_term_string}\"},\"query-input\":{\"@type\":\"PropertyValueSpecification\",\"valueRequired\":true,\"valueName\":\"search_term_string\"}}],\"inLanguage\":\"de\"}]}<\/script>\n<!-- \/ Yoast SEO plugin. -->","yoast_head_json":{"title":"Akupunktur - \u039f\u03c3\u03c4\u03b5\u03bf\u03c0\u03b1\u03b8\u03b7\u03c4\u03b9\u03ba\u03cc\u03c2 \u0395\u03bb\u03b5\u03c5\u03b8\u03ad\u03c1\u03b9\u03bf\u03c2 \u039d\u03b1\u03c3\u03b9\u03cc\u03c0\u03bf\u03c5\u03bb\u03bf\u03c2","description":"\u039a\u03bb\u03ac\u03b4\u03bf\u03c2 \u03c4\u03bf\u03c5 \u03b2\u03b5\u03bb\u03bf\u03bd\u03b9\u03c3\u03bc\u03bf\u03cd, \u03bf \u03c9\u03c4\u03bf\u03b2\u03b5\u03bb\u03bf\u03bd\u03b9\u03c3\u03bc\u03cc\u03c2 \u03b5\u03af\u03bd\u03b1\u03b9 \u03bc\u03af\u03b1 \u03b1\u03bd\u03ce\u03b4\u03c5\u03bd\u03b7 \u03b8\u03b5\u03c1\u03b1\u03c0\u03b5\u03c5\u03c4\u03b9\u03ba\u03ae \u03c0\u03c1\u03ac\u03be\u03b7, \u03ba\u03b1\u03c4\u03ac \u03c4\u03b7\u03bd \u03bf\u03c0\u03bf\u03af\u03b1 \u03bf \u03b8\u03b5\u03c1\u03b1\u03c0\u03b5\u03c5\u03c4\u03ae\u03c2 \u03b4\u03b9\u03b5\u03b3\u03b5\u03af\u03c1\u03b5\u03b9 \u03c3\u03b7\u03bc\u03b5\u03af\u03b1 \u03c0\u03bf\u03c5 \u03b2\u03c1\u03af\u03c3\u03ba\u03bf\u03bd\u03c4\u03b1\u03b9 \u03c3\u03c4\u03bf \u03c0\u03c4\u03b5\u03c1\u03cd\u03b3\u03b9\u03bf \u03c4\u03bf\u03c5 \u03b1\u03c5\u03c4\u03b9\u03bf\u03cd \u03bc\u03b1\u03c2","robots":{"index":"index","follow":"follow","max-snippet":"max-snippet:-1","max-image-preview":"max-image-preview:large","max-video-preview":"max-video-preview:-1"},"canonical":"https:\/\/osteothess.gr\/de\/akupunktur\/","og_locale":"de_DE","og_type":"article","og_title":"Akupunktur - \u039f\u03c3\u03c4\u03b5\u03bf\u03c0\u03b1\u03b8\u03b7\u03c4\u03b9\u03ba\u03cc\u03c2 \u0395\u03bb\u03b5\u03c5\u03b8\u03ad\u03c1\u03b9\u03bf\u03c2 \u039d\u03b1\u03c3\u03b9\u03cc\u03c0\u03bf\u03c5\u03bb\u03bf\u03c2","og_description":"\u039a\u03bb\u03ac\u03b4\u03bf\u03c2 \u03c4\u03bf\u03c5 \u03b2\u03b5\u03bb\u03bf\u03bd\u03b9\u03c3\u03bc\u03bf\u03cd, \u03bf \u03c9\u03c4\u03bf\u03b2\u03b5\u03bb\u03bf\u03bd\u03b9\u03c3\u03bc\u03cc\u03c2 \u03b5\u03af\u03bd\u03b1\u03b9 \u03bc\u03af\u03b1 \u03b1\u03bd\u03ce\u03b4\u03c5\u03bd\u03b7 \u03b8\u03b5\u03c1\u03b1\u03c0\u03b5\u03c5\u03c4\u03b9\u03ba\u03ae \u03c0\u03c1\u03ac\u03be\u03b7, \u03ba\u03b1\u03c4\u03ac \u03c4\u03b7\u03bd \u03bf\u03c0\u03bf\u03af\u03b1 \u03bf \u03b8\u03b5\u03c1\u03b1\u03c0\u03b5\u03c5\u03c4\u03ae\u03c2 \u03b4\u03b9\u03b5\u03b3\u03b5\u03af\u03c1\u03b5\u03b9 \u03c3\u03b7\u03bc\u03b5\u03af\u03b1 \u03c0\u03bf\u03c5 \u03b2\u03c1\u03af\u03c3\u03ba\u03bf\u03bd\u03c4\u03b1\u03b9 \u03c3\u03c4\u03bf \u03c0\u03c4\u03b5\u03c1\u03cd\u03b3\u03b9\u03bf \u03c4\u03bf\u03c5 \u03b1\u03c5\u03c4\u03b9\u03bf\u03cd \u03bc\u03b1\u03c2","og_url":"https:\/\/osteothess.gr\/de\/akupunktur\/","og_site_name":"\u039f\u03c3\u03c4\u03b5\u03bf\u03c0\u03b1\u03b8\u03b7\u03c4\u03b9\u03ba\u03cc\u03c2 \u0395\u03bb\u03b5\u03c5\u03b8\u03ad\u03c1\u03b9\u03bf\u03c2 \u039d\u03b1\u03c3\u03b9\u03cc\u03c0\u03bf\u03c5\u03bb\u03bf\u03c2","article_modified_time":"2024-04-19T06:24:46+00:00","og_image":[{"url":"https:\/\/osteothess.gr\/wp-content\/uploads\/2024\/04\/velonismos2.jpg","type":"","width":"","height":""}],"twitter_card":"summary_large_image","twitter_misc":{"Gesch\u00e4tzte Lesezeit":"2\u00a0Minuten"},"schema":{"@context":"https:\/\/schema.org","@graph":[{"@type":"WebPage","@id":"https:\/\/osteothess.gr\/de\/akupunktur\/","url":"https:\/\/osteothess.gr\/de\/akupunktur\/","name":"Akupunktur - \u039f\u03c3\u03c4\u03b5\u03bf\u03c0\u03b1\u03b8\u03b7\u03c4\u03b9\u03ba\u03cc\u03c2 \u0395\u03bb\u03b5\u03c5\u03b8\u03ad\u03c1\u03b9\u03bf\u03c2 \u039d\u03b1\u03c3\u03b9\u03cc\u03c0\u03bf\u03c5\u03bb\u03bf\u03c2","isPartOf":{"@id":"https:\/\/osteothess.gr\/de\/#website"},"primaryImageOfPage":{"@id":"https:\/\/osteothess.gr\/de\/akupunktur\/#primaryimage"},"image":{"@id":"https:\/\/osteothess.gr\/de\/akupunktur\/#primaryimage"},"thumbnailUrl":"https:\/\/osteothess.gr\/wp-content\/uploads\/2024\/04\/velonismos2.jpg","datePublished":"2024-04-19T06:24:03+00:00","dateModified":"2024-04-19T06:24:46+00:00","description":"\u039a\u03bb\u03ac\u03b4\u03bf\u03c2 \u03c4\u03bf\u03c5 \u03b2\u03b5\u03bb\u03bf\u03bd\u03b9\u03c3\u03bc\u03bf\u03cd, \u03bf \u03c9\u03c4\u03bf\u03b2\u03b5\u03bb\u03bf\u03bd\u03b9\u03c3\u03bc\u03cc\u03c2 \u03b5\u03af\u03bd\u03b1\u03b9 \u03bc\u03af\u03b1 \u03b1\u03bd\u03ce\u03b4\u03c5\u03bd\u03b7 \u03b8\u03b5\u03c1\u03b1\u03c0\u03b5\u03c5\u03c4\u03b9\u03ba\u03ae \u03c0\u03c1\u03ac\u03be\u03b7, \u03ba\u03b1\u03c4\u03ac \u03c4\u03b7\u03bd \u03bf\u03c0\u03bf\u03af\u03b1 \u03bf \u03b8\u03b5\u03c1\u03b1\u03c0\u03b5\u03c5\u03c4\u03ae\u03c2 \u03b4\u03b9\u03b5\u03b3\u03b5\u03af\u03c1\u03b5\u03b9 \u03c3\u03b7\u03bc\u03b5\u03af\u03b1 \u03c0\u03bf\u03c5 \u03b2\u03c1\u03af\u03c3\u03ba\u03bf\u03bd\u03c4\u03b1\u03b9 \u03c3\u03c4\u03bf \u03c0\u03c4\u03b5\u03c1\u03cd\u03b3\u03b9\u03bf \u03c4\u03bf\u03c5 \u03b1\u03c5\u03c4\u03b9\u03bf\u03cd \u03bc\u03b1\u03c2","breadcrumb":{"@id":"https:\/\/osteothess.gr\/de\/akupunktur\/#breadcrumb"},"inLanguage":"de","potentialAction":[{"@type":"ReadAction","target":["https:\/\/osteothess.gr\/de\/akupunktur\/"]}]},{"@type":"ImageObject","inLanguage":"de","@id":"https:\/\/osteothess.gr\/de\/akupunktur\/#primaryimage","url":"https:\/\/osteothess.gr\/wp-content\/uploads\/2024\/04\/velonismos2.jpg","contentUrl":"https:\/\/osteothess.gr\/wp-content\/uploads\/2024\/04\/velonismos2.jpg"},{"@type":"BreadcrumbList","@id":"https:\/\/osteothess.gr\/de\/akupunktur\/#breadcrumb","itemListElement":[{"@type":"ListItem","position":1,"name":"\u0391\u03c1\u03c7\u03b9\u03ba\u03ae","item":"https:\/\/osteothess.gr\/de\/"},{"@type":"ListItem","position":2,"name":"Akupunktur"}]},{"@type":"WebSite","@id":"https:\/\/osteothess.gr\/de\/#website","url":"https:\/\/osteothess.gr\/de\/","name":"\u039f\u03c3\u03c4\u03b5\u03bf\u03c0\u03b1\u03b8\u03b7\u03c4\u03b9\u03ba\u03cc\u03c2 \u0395\u03bb\u03b5\u03c5\u03b8\u03ad\u03c1\u03b9\u03bf\u03c2 \u039d\u03b1\u03c3\u03b9\u03cc\u03c0\u03bf\u03c5\u03bb\u03bf\u03c2","description":"\u039f\u03c3\u03c4\u03b5\u03bf\u03c0\u03b1\u03b8\u03b7\u03c4\u03b9\u03ba\u03ae \u03b1\u03b3\u03c9\u03b3\u03ae","potentialAction":[{"@type":"SearchAction","target":{"@type":"EntryPoint","urlTemplate":"https:\/\/osteothess.gr\/de\/?s={search_term_string}"},"query-input":{"@type":"PropertyValueSpecification","valueRequired":true,"valueName":"search_term_string"}}],"inLanguage":"de"}]}},"_links":{"self":[{"href":"https:\/\/osteothess.gr\/de\/wp-json\/wp\/v2\/pages\/1881","targetHints":{"allow":["GET"]}}],"collection":[{"href":"https:\/\/osteothess.gr\/de\/wp-json\/wp\/v2\/pages"}],"about":[{"href":"https:\/\/osteothess.gr\/de\/wp-json\/wp\/v2\/types\/page"}],"author":[{"embeddable":true,"href":"https:\/\/osteothess.gr\/de\/wp-json\/wp\/v2\/users\/1"}],"replies":[{"embeddable":true,"href":"https:\/\/osteothess.gr\/de\/wp-json\/wp\/v2\/comments?post=1881"}],"version-history":[{"count":4,"href":"https:\/\/osteothess.gr\/de\/wp-json\/wp\/v2\/pages\/1881\/revisions"}],"predecessor-version":[{"id":1992,"href":"https:\/\/osteothess.gr\/de\/wp-json\/wp\/v2\/pages\/1881\/revisions\/1992"}],"wp:attachment":[{"href":"https:\/\/osteothess.gr\/de\/wp-json\/wp\/v2\/media?parent=1881"}],"curies":[{"name":"wp","href":"https:\/\/api.w.org\/{rel}","templated":true}]}}